{"id":31,"date":"2024-12-17T14:52:16","date_gmt":"2024-12-17T14:52:16","guid":{"rendered":"https:\/\/elve.kodektif.com\/?page_id=31"},"modified":"2025-02-18T10:21:44","modified_gmt":"2025-02-18T10:21:44","slug":"sales-point","status":"publish","type":"page","link":"https:\/\/elvemobilya.com\/tr\/sales-point\/","title":{"rendered":"Sat\u0131\u015f Noktalar\u0131"},"content":{"rendered":"<div class=\"wpb-content-wrapper\"><div id=\"page-banner-row\" data-vc-full-width=\"true\" data-vc-full-width-init=\"false\" data-vc-stretch-content=\"true\" class=\"vc_row wpb_row vc_row-fluid vc_row-no-padding wd-rs-67655a13904be\"><div class=\"wpb_column vc_column_container vc_col-sm-12\"><div class=\"vc_column-inner\"><div class=\"wpb_wrapper\">\t\t<div class=\"promo-banner-wrapper  wd-rs-677d2defdc45b \">\n\t\t\t<div id=\"wd-677d2defdc45b\" class=\"promo-banner  banner- banner-hover-none color-scheme-light banner-btn-size-default banner-btn-style-default  wd-underline-colored\">\n\t\t\t\t<div class=\"main-wrapp-img\">\n\t\t\t\t\t<div class=\"banner-image wd-bg-position-center\" >\n\t\t\t\t\t\t<img loading=\"lazy\" decoding=\"async\" width=\"1920\" height=\"600\" src=\"https:\/\/elvemobilya.com\/wp-content\/uploads\/2024\/12\/sales-point-page-banner-201224-1.jpg\" class=\"attachment-1920x600 size-1920x600\" alt=\"\" \/>\t\t\t\t\t<\/div>\n\t\t\t\t<\/div>\n\n\t\t\t\t<div class=\"wrapper-content-banner wd-fill  wd-items-bottom wd-justify-center\">\n\t\t\t\t\t<div class=\"content-banner  text-center\">\n\t\t\t\t\t\t<h4 class=\"banner-title wd-font-weight- wd-fontsize-l\">Sales Point<\/h4>\t\t\t\t\t\t\n\t\t\t\t\t\t\n\t\t\t\t\t\t\t\t\t\t\t<\/div>\n\t\t\t\t<\/div>\n\n\t\t\t\t\n\t\t\t\t\t\t\t<\/div>\n\t\t<\/div>\n\n\t\t<\/div><\/div><\/div><\/div><div class=\"vc_row-full-width vc_clearfix\"><\/div><div id=\"sales-points\" class=\"vc_row wpb_row vc_row-fluid vc_row-o-content-top vc_row-flex wd-rs-67655e921c200\"><div class=\"wpb_column vc_column_container vc_col-sm-12\" id=\"left\"><div class=\"vc_column-inner\"><div class=\"wpb_wrapper\">\n\t<div class=\"wpb_text_column wpb_content_element\" id=\"sales-point-title\">\n\t\t<div class=\"wpb_wrapper\">\n\t\t\t<h3 style=\"text-align: center;\">Discover Elve<\/h3>\n<h1 style=\"text-align: center;\">FIND A STORE<\/h1>\n\n\t\t<\/div>\n\t<\/div>\n\n\t<div class=\"wpb_raw_code wpb_raw_html wpb_content_element\" >\n\t\t<div class=\"wpb_wrapper\">\n\t\t\t<form>\n    <div class=\"country-first\">\n        <label for=\"country\">Country<\/label>\n        <select id=\"country\" name=\"country\" onchange=\"onCountryChange()\">\n            <option value=\"\" selected>All Countries<\/option>\n            <option value=\"turkey\">T\u00fcrkiye<\/option>\n            <option value=\"america\">Amerika<\/option>\n            <option value=\"morocco\">Morocco<\/option>\n            <option value=\"azerbaijan\">Azerbaijan<\/option>\n            <option value=\"uzbekistan\">Uzbekistan<\/option>\n            <option value=\"russia\">Russia<\/option>\n            <option value=\"arap\">Birle\u015fik Arap Emirlikleri<\/option>\n        <\/select>\n    <\/div>\n    <div class=\"city-first\">\n        <label for=\"city\">City<\/label>\n        <select id=\"city\" name=\"city\" onchange=\"onCityChange()\">\n            <option value=\"\" selected>All Cities<\/option>\n        <\/select>\n    <\/div>\n<\/form>\n\n<div id=\"contactList\">\n    <!-- Addresses will be listed here -->\n<\/div>\n\n<script>\nconst cityData = {\n    turkey: {\n        istanbul: {\n            name: \"Istanbul Masko\",\n            address: \"Masko Mobilya Kenti 14B NO 17-19, 34306 \u0130kitelli \u2013 Ba\u015fak\u015fehir \/ \u0130stanbul\",\n            phone: \"+90 212 675 12 93\",\n            email: \"info@elvemobilya.com.tr\",\n            map: \"https:\/\/maps.app.goo.gl\/1i93YS74PoPcDzDT6\"\n        },\n        istanbul2: {\n            name: \"Istanbul Modoko\",\n            address: \"Modoko Mobilya Kenti 2.Caddesi No: 259 Yukar\u0131 Dudullu \u2013 \u00dcmraniye \/ \u0130stanbul\",\n            phone: \"+90 216 540 14 42\",\n            email: \"modoko@elvemobilya.com.tr\",\n            map: \"https:\/\/maps.app.goo.gl\/KvaFdzoN9eK9gpwq8\"\n        }\n    },\n    america: {\n        miami: {\n            name: \"Miami\",\n            address: \"1000 E Hallandale Beach Blvd Ste 106-105\",\n            phone: \"+19547649999\",\n            email: \"info@elvemobilya.com.tr\",\n            map: \"#\"\n        }   \n    },\n    morocco: {\n        casablanca: {\n            name: \"Casablanca\",\n            address: \"Bd Ghandi, Residence Amine1 , Magasin, Casablanca\/Morocco\",\n            phone: \"+002 125 223 957 73\",\n            email: \"elveluxury.rikko.ma\",\n            map: \"https:\/\/maps.app.goo.gl\/drgLnvgsmq5V7h1R7\"\n        }\n    },\n    azerbaijan: {\n        baku: {\n            name: \"Baku\",\n            address: \"Nerimanov rayonu,  X\u0259tai prospekti 47 (81) Bak\u0131, Az\u0259rbaycan\",\n            phone: \"+994 12 489 88 89\",\n            email: \"baku@elve.az\",\n            map: \"https:\/\/maps.app.goo.gl\/JT46Mtoa2UPo4mYk7\"\n        }\n    },\n    russia: {\n        moscow: {\n            name: \"Moscow\",\n            address: \"\u0421\u0430\u043b\u043e\u043d \u044d\u043b\u0438\u0442\u043d\u043e\u0439 \u043c\u0435\u0431\u0435\u043b\u0438 \u041c\u0422\u041a \u0413\u0440\u0430\u043d\u0434-2 . 4-\u044d\u0442\u0430\u0436 \u0442\u0435\u043b:.\",\n            phone: \"+7 968 767 79 97\",\n            email: \"elve-luxury@mail.ru\",\n            map: \"#\"\n        }\n    },\n    arap: {\n        dubai: {\n            name: \"Dubai\",\n            address: \"Art of Living Mall, Umm Suqeim Road, Al Barsha 2 Dubai, United\u00a0Arab\u00a0Emirates\",\n            phone: \"+971 56 200 8402\",\n            email: \"info@elvemobilya.com.tr\",\n            map: \"#\"\n        }\n    }\n};\n\nfunction renderAddresses(filterCountry = \"\", filterCity = \"\") {\n    const contactListDiv = document.getElementById(\"contactList\");\n    contactListDiv.innerHTML = \"\"; \/\/ \u00d6nce mevcut listeyi temizle\n\n    Object.keys(cityData).forEach(countryKey => {\n        if (filterCountry && filterCountry !== countryKey) return;\n\n        Object.keys(cityData[countryKey]).forEach(cityKey => {\n            if (filterCity && filterCity !== cityKey) return;\n\n            const cityInfo = cityData[countryKey][cityKey];\n            const contactDiv = document.createElement(\"div\");\n            contactDiv.className = \"contact-item\";\n\n            contactDiv.innerHTML = `\n                <h3>${cityInfo.name}<\/h3>\n                <p><strong>Address:<\/strong> ${cityInfo.address}<\/p>\n                <p><strong>Phone:<\/strong> <a href=\"tel:${cityInfo.phone}\">${cityInfo.phone}<\/a><\/p>\n                <p><strong>Email:<\/strong> <a href=\"mailto:${cityInfo.email}\">${cityInfo.email}<\/a><\/p>\n                <a href=\"${cityInfo.map}\" target=\"_blank\">View on Map<\/a>\n                <hr>\n            `;\n\n            contactListDiv.appendChild(contactDiv);\n        });\n    });\n}\n\nfunction onCountryChange() {\n    const countrySelect = document.getElementById(\"country\");\n    const citySelect = document.getElementById(\"city\");\n    const selectedCountry = countrySelect.value;\n\n    \/\/ \u015eehir listesini s\u0131f\u0131rla\n    citySelect.innerHTML = '<option value=\"\" selected>All Cities<\/option>';\n\n    if (selectedCountry && cityData[selectedCountry]) {\n        Object.keys(cityData[selectedCountry]).forEach(cityKey => {\n            const city = cityData[selectedCountry][cityKey];\n            const option = document.createElement(\"option\");\n            option.value = cityKey;\n            option.text = city.name;\n            citySelect.add(option);\n        });\n    }\n\n    \/\/ \u00dclkeye g\u00f6re filtrele\n    renderAddresses(selectedCountry);\n}\n\nfunction onCityChange() {\n    const countrySelect = document.getElementById(\"country\");\n    const citySelect = document.getElementById(\"city\");\n\n    const selectedCountry = countrySelect.value;\n    const selectedCity = citySelect.value;\n\n    renderAddresses(selectedCountry, selectedCity);\n}\n\n\/\/ Sayfa y\u00fcklendi\u011finde t\u00fcm adresleri g\u00f6ster\ndocument.addEventListener(\"DOMContentLoaded\", () => {\n    renderAddresses();\n});\n<\/script>\n\n\t\t<\/div>\n\t<\/div>\n<\/div><\/div><\/div><\/div>\n<\/div>","protected":false},"excerpt":{"rendered":"Sales Point Discover Elve FIND A STORE Country All Countries T\u00fcrkiye Amerika Morocco Azerbaijan Uzbekistan Russia Birle\u015fik Arap Emirlikleri City","protected":false},"author":1,"featured_media":0,"parent":0,"menu_order":0,"comment_status":"closed","ping_status":"closed","template":"","meta":{"footnotes":""},"class_list":["post-31","page","type-page","status-publish","hentry"],"yoast_head":"<!-- This site is optimized with the Yoast SEO plugin v27.1.1 - https:\/\/yoast.com\/product\/yoast-seo-wordpress\/ -->\n<title>Sales Point - Elve<\/title>\n<meta name=\"robots\" content=\"index, follow, max-snippet:-1, max-image-preview:large, max-video-preview:-1\" \/>\n<link rel=\"canonical\" href=\"https:\/\/elvemobilya.com\/tr\/sales-point\/\" \/>\n<meta property=\"og:locale\" content=\"tr_TR\" \/>\n<meta property=\"og:type\" content=\"article\" \/>\n<meta property=\"og:title\" content=\"Sales Point - Elve\" \/>\n<meta property=\"og:url\" content=\"https:\/\/elvemobilya.com\/tr\/sales-point\/\" \/>\n<meta property=\"og:site_name\" content=\"Elve\" \/>\n<meta property=\"article:modified_time\" content=\"2025-02-18T10:21:44+00:00\" \/>\n<meta name=\"twitter:card\" content=\"summary_large_image\" \/>\n<meta name=\"twitter:label1\" content=\"Tahmini okuma s\u00fcresi\" \/>\n\t<meta name=\"twitter:data1\" content=\"1 dakika\" \/>\n<script type=\"application\/ld+json\" class=\"yoast-schema-graph\">{\"@context\":\"https:\/\/schema.org\",\"@graph\":[{\"@type\":\"WebPage\",\"@id\":\"https:\/\/elvemobilya.com\/sales-point\/\",\"url\":\"https:\/\/elvemobilya.com\/sales-point\/\",\"name\":\"Sales Point - Elve\",\"isPartOf\":{\"@id\":\"https:\/\/elvemobilya.com\/#website\"},\"datePublished\":\"2024-12-17T14:52:16+00:00\",\"dateModified\":\"2025-02-18T10:21:44+00:00\",\"breadcrumb\":{\"@id\":\"https:\/\/elvemobilya.com\/sales-point\/#breadcrumb\"},\"inLanguage\":\"tr\",\"potentialAction\":[{\"@type\":\"ReadAction\",\"target\":[\"https:\/\/elvemobilya.com\/sales-point\/\"]}]},{\"@type\":\"BreadcrumbList\",\"@id\":\"https:\/\/elvemobilya.com\/sales-point\/#breadcrumb\",\"itemListElement\":[{\"@type\":\"ListItem\",\"position\":1,\"name\":\"Home\",\"item\":\"https:\/\/elvemobilya.com\/\"},{\"@type\":\"ListItem\",\"position\":2,\"name\":\"Sales Point\"}]},{\"@type\":\"WebSite\",\"@id\":\"https:\/\/elvemobilya.com\/#website\",\"url\":\"https:\/\/elvemobilya.com\/\",\"name\":\"Elve\",\"description\":\"Furniture\",\"potentialAction\":[{\"@type\":\"SearchAction\",\"target\":{\"@type\":\"EntryPoint\",\"urlTemplate\":\"https:\/\/elvemobilya.com\/?s={search_term_string}\"},\"query-input\":{\"@type\":\"PropertyValueSpecification\",\"valueRequired\":true,\"valueName\":\"search_term_string\"}}],\"inLanguage\":\"tr\"}]}<\/script>\n<!-- \/ Yoast SEO plugin. -->","yoast_head_json":{"title":"Sales Point - Elve","robots":{"index":"index","follow":"follow","max-snippet":"max-snippet:-1","max-image-preview":"max-image-preview:large","max-video-preview":"max-video-preview:-1"},"canonical":"https:\/\/elvemobilya.com\/tr\/sales-point\/","og_locale":"tr_TR","og_type":"article","og_title":"Sales Point - Elve","og_url":"https:\/\/elvemobilya.com\/tr\/sales-point\/","og_site_name":"Elve","article_modified_time":"2025-02-18T10:21:44+00:00","twitter_card":"summary_large_image","twitter_misc":{"Tahmini okuma s\u00fcresi":"1 dakika"},"schema":{"@context":"https:\/\/schema.org","@graph":[{"@type":"WebPage","@id":"https:\/\/elvemobilya.com\/sales-point\/","url":"https:\/\/elvemobilya.com\/sales-point\/","name":"Sales Point - Elve","isPartOf":{"@id":"https:\/\/elvemobilya.com\/#website"},"datePublished":"2024-12-17T14:52:16+00:00","dateModified":"2025-02-18T10:21:44+00:00","breadcrumb":{"@id":"https:\/\/elvemobilya.com\/sales-point\/#breadcrumb"},"inLanguage":"tr","potentialAction":[{"@type":"ReadAction","target":["https:\/\/elvemobilya.com\/sales-point\/"]}]},{"@type":"BreadcrumbList","@id":"https:\/\/elvemobilya.com\/sales-point\/#breadcrumb","itemListElement":[{"@type":"ListItem","position":1,"name":"Home","item":"https:\/\/elvemobilya.com\/"},{"@type":"ListItem","position":2,"name":"Sales Point"}]},{"@type":"WebSite","@id":"https:\/\/elvemobilya.com\/#website","url":"https:\/\/elvemobilya.com\/","name":"Elve","description":"Furniture","potentialAction":[{"@type":"SearchAction","target":{"@type":"EntryPoint","urlTemplate":"https:\/\/elvemobilya.com\/?s={search_term_string}"},"query-input":{"@type":"PropertyValueSpecification","valueRequired":true,"valueName":"search_term_string"}}],"inLanguage":"tr"}]}},"_links":{"self":[{"href":"https:\/\/elvemobilya.com\/tr\/wp-json\/wp\/v2\/pages\/31","targetHints":{"allow":["GET"]}}],"collection":[{"href":"https:\/\/elvemobilya.com\/tr\/wp-json\/wp\/v2\/pages"}],"about":[{"href":"https:\/\/elvemobilya.com\/tr\/wp-json\/wp\/v2\/types\/page"}],"author":[{"embeddable":true,"href":"https:\/\/elvemobilya.com\/tr\/wp-json\/wp\/v2\/users\/1"}],"replies":[{"embeddable":true,"href":"https:\/\/elvemobilya.com\/tr\/wp-json\/wp\/v2\/comments?post=31"}],"version-history":[{"count":0,"href":"https:\/\/elvemobilya.com\/tr\/wp-json\/wp\/v2\/pages\/31\/revisions"}],"wp:attachment":[{"href":"https:\/\/elvemobilya.com\/tr\/wp-json\/wp\/v2\/media?parent=31"}],"curies":[{"name":"wp","href":"https:\/\/api.w.org\/{rel}","templated":true}]}}