{"id":1435,"date":"2025-01-07T20:13:26","date_gmt":"2025-01-07T20:13:26","guid":{"rendered":"https:\/\/elve.kodektif.com\/?post_type=product&#038;p=1435"},"modified":"2025-01-07T20:13:26","modified_gmt":"2025-01-07T20:13:26","slug":"lotte-nightstand","status":"publish","type":"product","link":"https:\/\/elvemobilya.com\/tr\/urun\/lotte-nightstand\/","title":{"rendered":"Lotte Komodin"},"content":{"rendered":"","protected":false},"excerpt":{"rendered":"<p>Lotte Komodin, modern ve klasik yatak odas\u0131 esteti\u011fini tamamlayacak \u015fekilde tasarlanm\u0131\u015f, sadelik ve \u015f\u0131kl\u0131\u011f\u0131n bir kar\u0131\u015f\u0131m\u0131n\u0131 yans\u0131t\u0131yor. Temiz, yap\u0131land\u0131r\u0131lm\u0131\u015f \u00e7izgileri, zarif ayr\u0131nt\u0131larla birle\u015ferek mekan\u0131n\u0131z\u0131n genel havas\u0131n\u0131 zenginle\u015ftiren zamans\u0131z bir par\u00e7a yarat\u0131yor.<\/p>","protected":false},"featured_media":1436,"comment_status":"open","ping_status":"closed","template":"","meta":[],"product_brand":[],"product_cat":[63,17],"product_tag":[],"class_list":{"0":"post-1435","1":"product","2":"type-product","3":"status-publish","4":"has-post-thumbnail","6":"product_cat-nightstands","7":"product_cat-products","9":"first","10":"instock","11":"shipping-taxable","12":"product-type-simple"},"yoast_head":"<!-- This site is optimized with the Yoast SEO plugin v27.1.1 - https:\/\/yoast.com\/product\/yoast-seo-wordpress\/ -->\n<title>Lotte Nightstand - Elve<\/title>\n<meta name=\"robots\" content=\"index, follow, max-snippet:-1, max-image-preview:large, max-video-preview:-1\" \/>\n<link rel=\"canonical\" href=\"https:\/\/elvemobilya.com\/tr\/lotte-nightstand\/\" \/>\n<meta property=\"og:locale\" content=\"tr_TR\" \/>\n<meta property=\"og:type\" content=\"article\" \/>\n<meta property=\"og:title\" content=\"Lotte Nightstand - Elve\" \/>\n<meta property=\"og:description\" content=\"Lotte Nightstand reflects a blend of simplicity and elegance, designed to complement modern and classic bedroom aesthetics. Its clean, structured lines are paired with refined detailing, creating a timeless piece that enhances the overall ambiance of your space.\" \/>\n<meta property=\"og:url\" content=\"https:\/\/elvemobilya.com\/tr\/lotte-nightstand\/\" \/>\n<meta property=\"og:site_name\" content=\"Elve\" \/>\n<meta property=\"og:image\" content=\"https:\/\/elvemobilya.com\/wp-content\/uploads\/2025\/01\/lotte-bedroom-collection-070125-1.jpg\" \/>\n\t<meta property=\"og:image:width\" content=\"1920\" \/>\n\t<meta property=\"og:image:height\" content=\"1200\" \/>\n\t<meta property=\"og:image:type\" content=\"image\/jpeg\" \/>\n<meta name=\"twitter:card\" content=\"summary_large_image\" \/>\n<script type=\"application\/ld+json\" class=\"yoast-schema-graph\">{\"@context\":\"https:\/\/schema.org\",\"@graph\":[{\"@type\":\"WebPage\",\"@id\":\"https:\/\/elvemobilya.com\/lotte-nightstand\/\",\"url\":\"https:\/\/elvemobilya.com\/lotte-nightstand\/\",\"name\":\"Lotte Nightstand - Elve\",\"isPartOf\":{\"@id\":\"https:\/\/elvemobilya.com\/#website\"},\"primaryImageOfPage\":{\"@id\":\"https:\/\/elvemobilya.com\/lotte-nightstand\/#primaryimage\"},\"image\":{\"@id\":\"https:\/\/elvemobilya.com\/lotte-nightstand\/#primaryimage\"},\"thumbnailUrl\":\"https:\/\/elvemobilya.com\/wp-content\/uploads\/2025\/01\/lotte-bedroom-collection-070125-1.jpg\",\"datePublished\":\"2025-01-07T20:13:26+00:00\",\"breadcrumb\":{\"@id\":\"https:\/\/elvemobilya.com\/lotte-nightstand\/#breadcrumb\"},\"inLanguage\":\"tr\",\"potentialAction\":[{\"@type\":\"ReadAction\",\"target\":[\"https:\/\/elvemobilya.com\/lotte-nightstand\/\"]}]},{\"@type\":\"ImageObject\",\"inLanguage\":\"tr\",\"@id\":\"https:\/\/elvemobilya.com\/lotte-nightstand\/#primaryimage\",\"url\":\"https:\/\/elvemobilya.com\/wp-content\/uploads\/2025\/01\/lotte-bedroom-collection-070125-1.jpg\",\"contentUrl\":\"https:\/\/elvemobilya.com\/wp-content\/uploads\/2025\/01\/lotte-bedroom-collection-070125-1.jpg\",\"width\":1920,\"height\":1200},{\"@type\":\"BreadcrumbList\",\"@id\":\"https:\/\/elvemobilya.com\/lotte-nightstand\/#breadcrumb\",\"itemListElement\":[{\"@type\":\"ListItem\",\"position\":1,\"name\":\"Home\",\"item\":\"https:\/\/elvemobilya.com\/\"},{\"@type\":\"ListItem\",\"position\":2,\"name\":\"Products\",\"item\":\"https:\/\/elvemobilya.com\/shop\/\"},{\"@type\":\"ListItem\",\"position\":3,\"name\":\"Lotte Nightstand\"}]},{\"@type\":\"WebSite\",\"@id\":\"https:\/\/elvemobilya.com\/#website\",\"url\":\"https:\/\/elvemobilya.com\/\",\"name\":\"Elve\",\"description\":\"Furniture\",\"potentialAction\":[{\"@type\":\"SearchAction\",\"target\":{\"@type\":\"EntryPoint\",\"urlTemplate\":\"https:\/\/elvemobilya.com\/?s={search_term_string}\"},\"query-input\":{\"@type\":\"PropertyValueSpecification\",\"valueRequired\":true,\"valueName\":\"search_term_string\"}}],\"inLanguage\":\"tr\"}]}<\/script>\n<!-- \/ Yoast SEO plugin. -->","yoast_head_json":{"title":"Lotte Nightstand - Elve","robots":{"index":"index","follow":"follow","max-snippet":"max-snippet:-1","max-image-preview":"max-image-preview:large","max-video-preview":"max-video-preview:-1"},"canonical":"https:\/\/elvemobilya.com\/tr\/lotte-nightstand\/","og_locale":"tr_TR","og_type":"article","og_title":"Lotte Nightstand - Elve","og_description":"Lotte Nightstand reflects a blend of simplicity and elegance, designed to complement modern and classic bedroom aesthetics. Its clean, structured lines are paired with refined detailing, creating a timeless piece that enhances the overall ambiance of your space.","og_url":"https:\/\/elvemobilya.com\/tr\/lotte-nightstand\/","og_site_name":"Elve","og_image":[{"width":1920,"height":1200,"url":"https:\/\/elvemobilya.com\/wp-content\/uploads\/2025\/01\/lotte-bedroom-collection-070125-1.jpg","type":"image\/jpeg"}],"twitter_card":"summary_large_image","schema":{"@context":"https:\/\/schema.org","@graph":[{"@type":"WebPage","@id":"https:\/\/elvemobilya.com\/lotte-nightstand\/","url":"https:\/\/elvemobilya.com\/lotte-nightstand\/","name":"Lotte Nightstand - Elve","isPartOf":{"@id":"https:\/\/elvemobilya.com\/#website"},"primaryImageOfPage":{"@id":"https:\/\/elvemobilya.com\/lotte-nightstand\/#primaryimage"},"image":{"@id":"https:\/\/elvemobilya.com\/lotte-nightstand\/#primaryimage"},"thumbnailUrl":"https:\/\/elvemobilya.com\/wp-content\/uploads\/2025\/01\/lotte-bedroom-collection-070125-1.jpg","datePublished":"2025-01-07T20:13:26+00:00","breadcrumb":{"@id":"https:\/\/elvemobilya.com\/lotte-nightstand\/#breadcrumb"},"inLanguage":"tr","potentialAction":[{"@type":"ReadAction","target":["https:\/\/elvemobilya.com\/lotte-nightstand\/"]}]},{"@type":"ImageObject","inLanguage":"tr","@id":"https:\/\/elvemobilya.com\/lotte-nightstand\/#primaryimage","url":"https:\/\/elvemobilya.com\/wp-content\/uploads\/2025\/01\/lotte-bedroom-collection-070125-1.jpg","contentUrl":"https:\/\/elvemobilya.com\/wp-content\/uploads\/2025\/01\/lotte-bedroom-collection-070125-1.jpg","width":1920,"height":1200},{"@type":"BreadcrumbList","@id":"https:\/\/elvemobilya.com\/lotte-nightstand\/#breadcrumb","itemListElement":[{"@type":"ListItem","position":1,"name":"Home","item":"https:\/\/elvemobilya.com\/"},{"@type":"ListItem","position":2,"name":"Products","item":"https:\/\/elvemobilya.com\/shop\/"},{"@type":"ListItem","position":3,"name":"Lotte Nightstand"}]},{"@type":"WebSite","@id":"https:\/\/elvemobilya.com\/#website","url":"https:\/\/elvemobilya.com\/","name":"Elve","description":"Furniture","potentialAction":[{"@type":"SearchAction","target":{"@type":"EntryPoint","urlTemplate":"https:\/\/elvemobilya.com\/?s={search_term_string}"},"query-input":{"@type":"PropertyValueSpecification","valueRequired":true,"valueName":"search_term_string"}}],"inLanguage":"tr"}]}},"_links":{"self":[{"href":"https:\/\/elvemobilya.com\/tr\/wp-json\/wp\/v2\/product\/1435","targetHints":{"allow":["GET"]}}],"collection":[{"href":"https:\/\/elvemobilya.com\/tr\/wp-json\/wp\/v2\/product"}],"about":[{"href":"https:\/\/elvemobilya.com\/tr\/wp-json\/wp\/v2\/types\/product"}],"replies":[{"embeddable":true,"href":"https:\/\/elvemobilya.com\/tr\/wp-json\/wp\/v2\/comments?post=1435"}],"wp:featuredmedia":[{"embeddable":true,"href":"https:\/\/elvemobilya.com\/tr\/wp-json\/wp\/v2\/media\/1436"}],"wp:attachment":[{"href":"https:\/\/elvemobilya.com\/tr\/wp-json\/wp\/v2\/media?parent=1435"}],"wp:term":[{"taxonomy":"product_brand","embeddable":true,"href":"https:\/\/elvemobilya.com\/tr\/wp-json\/wp\/v2\/product_brand?post=1435"},{"taxonomy":"product_cat","embeddable":true,"href":"https:\/\/elvemobilya.com\/tr\/wp-json\/wp\/v2\/product_cat?post=1435"},{"taxonomy":"product_tag","embeddable":true,"href":"https:\/\/elvemobilya.com\/tr\/wp-json\/wp\/v2\/product_tag?post=1435"}],"curies":[{"name":"wp","href":"https:\/\/api.w.org\/{rel}","templated":true}]}}