{"id":1457,"date":"2025-01-07T22:46:05","date_gmt":"2025-01-07T22:46:05","guid":{"rendered":"https:\/\/elve.kodektif.com\/?post_type=product&#038;p=1457"},"modified":"2025-01-07T22:46:05","modified_gmt":"2025-01-07T22:46:05","slug":"royal-sofa","status":"publish","type":"product","link":"https:\/\/elvemobilya.com\/tr\/urun\/royal-sofa\/","title":{"rendered":"Royal Koltuk"},"content":{"rendered":"","protected":false},"excerpt":{"rendered":"<p>Royal Sofa, zamans\u0131z zarafeti ve l\u00fcks konforu b\u00fcnyesinde bar\u0131nd\u0131r\u0131yor. Ya\u015fam alan\u0131n\u0131z\u0131n en \u00f6nemli par\u00e7as\u0131 olacak \u015fekilde tasarlanan bu koltuk, konforlu oturma alan\u0131, y\u00fcksek kaliteli d\u00f6\u015femeler ve incelik yayan zarif ayr\u0131nt\u0131lara sahiptir.<\/p>","protected":false},"featured_media":1453,"comment_status":"open","ping_status":"closed","template":"","meta":[],"product_brand":[],"product_cat":[17,23],"product_tag":[],"class_list":{"0":"post-1457","1":"product","2":"type-product","3":"status-publish","4":"has-post-thumbnail","6":"product_cat-products","7":"product_cat-sofas","9":"first","10":"instock","11":"shipping-taxable","12":"product-type-simple"},"yoast_head":"<!-- This site is optimized with the Yoast SEO plugin v27.1.1 - https:\/\/yoast.com\/product\/yoast-seo-wordpress\/ -->\n<title>Royal Sofa - Elve<\/title>\n<meta name=\"robots\" content=\"index, follow, max-snippet:-1, max-image-preview:large, max-video-preview:-1\" \/>\n<link rel=\"canonical\" href=\"https:\/\/elvemobilya.com\/tr\/royal-sofa\/\" \/>\n<meta property=\"og:locale\" content=\"tr_TR\" \/>\n<meta property=\"og:type\" content=\"article\" \/>\n<meta property=\"og:title\" content=\"Royal Sofa - Elve\" \/>\n<meta property=\"og:description\" content=\"Royal Sofa embodies timeless elegance and luxurious comfort. Designed to be the centerpiece of your living space, it features plush seating, high-quality upholstery, and refined details that exude sophistication.\" \/>\n<meta property=\"og:url\" content=\"https:\/\/elvemobilya.com\/tr\/royal-sofa\/\" \/>\n<meta property=\"og:site_name\" content=\"Elve\" \/>\n<meta property=\"og:image\" content=\"https:\/\/elvemobilya.com\/wp-content\/uploads\/2025\/01\/royal-living-room-080125-6.jpg\" \/>\n\t<meta property=\"og:image:width\" content=\"1920\" \/>\n\t<meta property=\"og:image:height\" content=\"1200\" \/>\n\t<meta property=\"og:image:type\" content=\"image\/jpeg\" \/>\n<meta name=\"twitter:card\" content=\"summary_large_image\" \/>\n<script type=\"application\/ld+json\" class=\"yoast-schema-graph\">{\"@context\":\"https:\/\/schema.org\",\"@graph\":[{\"@type\":\"WebPage\",\"@id\":\"https:\/\/elvemobilya.com\/royal-sofa\/\",\"url\":\"https:\/\/elvemobilya.com\/royal-sofa\/\",\"name\":\"Royal Sofa - Elve\",\"isPartOf\":{\"@id\":\"https:\/\/elvemobilya.com\/#website\"},\"primaryImageOfPage\":{\"@id\":\"https:\/\/elvemobilya.com\/royal-sofa\/#primaryimage\"},\"image\":{\"@id\":\"https:\/\/elvemobilya.com\/royal-sofa\/#primaryimage\"},\"thumbnailUrl\":\"https:\/\/elvemobilya.com\/wp-content\/uploads\/2025\/01\/royal-living-room-080125-6.jpg\",\"datePublished\":\"2025-01-07T22:46:05+00:00\",\"breadcrumb\":{\"@id\":\"https:\/\/elvemobilya.com\/royal-sofa\/#breadcrumb\"},\"inLanguage\":\"tr\",\"potentialAction\":[{\"@type\":\"ReadAction\",\"target\":[\"https:\/\/elvemobilya.com\/royal-sofa\/\"]}]},{\"@type\":\"ImageObject\",\"inLanguage\":\"tr\",\"@id\":\"https:\/\/elvemobilya.com\/royal-sofa\/#primaryimage\",\"url\":\"https:\/\/elvemobilya.com\/wp-content\/uploads\/2025\/01\/royal-living-room-080125-6.jpg\",\"contentUrl\":\"https:\/\/elvemobilya.com\/wp-content\/uploads\/2025\/01\/royal-living-room-080125-6.jpg\",\"width\":1920,\"height\":1200},{\"@type\":\"BreadcrumbList\",\"@id\":\"https:\/\/elvemobilya.com\/royal-sofa\/#breadcrumb\",\"itemListElement\":[{\"@type\":\"ListItem\",\"position\":1,\"name\":\"Home\",\"item\":\"https:\/\/elvemobilya.com\/\"},{\"@type\":\"ListItem\",\"position\":2,\"name\":\"Products\",\"item\":\"https:\/\/elvemobilya.com\/shop\/\"},{\"@type\":\"ListItem\",\"position\":3,\"name\":\"Royal Sofa\"}]},{\"@type\":\"WebSite\",\"@id\":\"https:\/\/elvemobilya.com\/#website\",\"url\":\"https:\/\/elvemobilya.com\/\",\"name\":\"Elve\",\"description\":\"Furniture\",\"potentialAction\":[{\"@type\":\"SearchAction\",\"target\":{\"@type\":\"EntryPoint\",\"urlTemplate\":\"https:\/\/elvemobilya.com\/?s={search_term_string}\"},\"query-input\":{\"@type\":\"PropertyValueSpecification\",\"valueRequired\":true,\"valueName\":\"search_term_string\"}}],\"inLanguage\":\"tr\"}]}<\/script>\n<!-- \/ Yoast SEO plugin. -->","yoast_head_json":{"title":"Royal Sofa - Elve","robots":{"index":"index","follow":"follow","max-snippet":"max-snippet:-1","max-image-preview":"max-image-preview:large","max-video-preview":"max-video-preview:-1"},"canonical":"https:\/\/elvemobilya.com\/tr\/royal-sofa\/","og_locale":"tr_TR","og_type":"article","og_title":"Royal Sofa - Elve","og_description":"Royal Sofa embodies timeless elegance and luxurious comfort. Designed to be the centerpiece of your living space, it features plush seating, high-quality upholstery, and refined details that exude sophistication.","og_url":"https:\/\/elvemobilya.com\/tr\/royal-sofa\/","og_site_name":"Elve","og_image":[{"width":1920,"height":1200,"url":"https:\/\/elvemobilya.com\/wp-content\/uploads\/2025\/01\/royal-living-room-080125-6.jpg","type":"image\/jpeg"}],"twitter_card":"summary_large_image","schema":{"@context":"https:\/\/schema.org","@graph":[{"@type":"WebPage","@id":"https:\/\/elvemobilya.com\/royal-sofa\/","url":"https:\/\/elvemobilya.com\/royal-sofa\/","name":"Royal Sofa - Elve","isPartOf":{"@id":"https:\/\/elvemobilya.com\/#website"},"primaryImageOfPage":{"@id":"https:\/\/elvemobilya.com\/royal-sofa\/#primaryimage"},"image":{"@id":"https:\/\/elvemobilya.com\/royal-sofa\/#primaryimage"},"thumbnailUrl":"https:\/\/elvemobilya.com\/wp-content\/uploads\/2025\/01\/royal-living-room-080125-6.jpg","datePublished":"2025-01-07T22:46:05+00:00","breadcrumb":{"@id":"https:\/\/elvemobilya.com\/royal-sofa\/#breadcrumb"},"inLanguage":"tr","potentialAction":[{"@type":"ReadAction","target":["https:\/\/elvemobilya.com\/royal-sofa\/"]}]},{"@type":"ImageObject","inLanguage":"tr","@id":"https:\/\/elvemobilya.com\/royal-sofa\/#primaryimage","url":"https:\/\/elvemobilya.com\/wp-content\/uploads\/2025\/01\/royal-living-room-080125-6.jpg","contentUrl":"https:\/\/elvemobilya.com\/wp-content\/uploads\/2025\/01\/royal-living-room-080125-6.jpg","width":1920,"height":1200},{"@type":"BreadcrumbList","@id":"https:\/\/elvemobilya.com\/royal-sofa\/#breadcrumb","itemListElement":[{"@type":"ListItem","position":1,"name":"Home","item":"https:\/\/elvemobilya.com\/"},{"@type":"ListItem","position":2,"name":"Products","item":"https:\/\/elvemobilya.com\/shop\/"},{"@type":"ListItem","position":3,"name":"Royal Sofa"}]},{"@type":"WebSite","@id":"https:\/\/elvemobilya.com\/#website","url":"https:\/\/elvemobilya.com\/","name":"Elve","description":"Furniture","potentialAction":[{"@type":"SearchAction","target":{"@type":"EntryPoint","urlTemplate":"https:\/\/elvemobilya.com\/?s={search_term_string}"},"query-input":{"@type":"PropertyValueSpecification","valueRequired":true,"valueName":"search_term_string"}}],"inLanguage":"tr"}]}},"_links":{"self":[{"href":"https:\/\/elvemobilya.com\/tr\/wp-json\/wp\/v2\/product\/1457","targetHints":{"allow":["GET"]}}],"collection":[{"href":"https:\/\/elvemobilya.com\/tr\/wp-json\/wp\/v2\/product"}],"about":[{"href":"https:\/\/elvemobilya.com\/tr\/wp-json\/wp\/v2\/types\/product"}],"replies":[{"embeddable":true,"href":"https:\/\/elvemobilya.com\/tr\/wp-json\/wp\/v2\/comments?post=1457"}],"wp:featuredmedia":[{"embeddable":true,"href":"https:\/\/elvemobilya.com\/tr\/wp-json\/wp\/v2\/media\/1453"}],"wp:attachment":[{"href":"https:\/\/elvemobilya.com\/tr\/wp-json\/wp\/v2\/media?parent=1457"}],"wp:term":[{"taxonomy":"product_brand","embeddable":true,"href":"https:\/\/elvemobilya.com\/tr\/wp-json\/wp\/v2\/product_brand?post=1457"},{"taxonomy":"product_cat","embeddable":true,"href":"https:\/\/elvemobilya.com\/tr\/wp-json\/wp\/v2\/product_cat?post=1457"},{"taxonomy":"product_tag","embeddable":true,"href":"https:\/\/elvemobilya.com\/tr\/wp-json\/wp\/v2\/product_tag?post=1457"}],"curies":[{"name":"wp","href":"https:\/\/api.w.org\/{rel}","templated":true}]}}