{"id":1525,"date":"2025-01-13T12:32:26","date_gmt":"2025-01-13T12:32:26","guid":{"rendered":"https:\/\/elve.kodektif.com\/?post_type=product&#038;p=1525"},"modified":"2025-01-13T14:39:51","modified_gmt":"2025-01-13T14:39:51","slug":"arven-mirror","status":"publish","type":"product","link":"https:\/\/elvemobilya.com\/tr\/urun\/arven-mirror\/","title":{"rendered":"Arven Ayna"},"content":{"rendered":"","protected":false},"excerpt":{"rendered":"<p>Arven Ayna, \u015f\u0131k ve minimalist tarz\u0131yla her oday\u0131 g\u00fczelle\u015ftirmek i\u00e7in tasarlanm\u0131\u015f sofistike ve \u00e7a\u011fda\u015f bir aynad\u0131r. Temiz, geometrik bir \u00e7er\u00e7eveye sahip olan bu \u00fcr\u00fcn, alan\u0131n\u0131za derinlik ve \u0131\u015f\u0131k katarken zarif bir estetik sunar.<\/p>","protected":false},"featured_media":1563,"comment_status":"open","ping_status":"closed","template":"","meta":[],"product_brand":[],"product_cat":[70,17],"product_tag":[],"class_list":{"0":"post-1525","1":"product","2":"type-product","3":"status-publish","4":"has-post-thumbnail","6":"product_cat-mirrors","7":"product_cat-products","9":"first","10":"instock","11":"shipping-taxable","12":"product-type-simple"},"yoast_head":"<!-- This site is optimized with the Yoast SEO plugin v27.1.1 - https:\/\/yoast.com\/product\/yoast-seo-wordpress\/ -->\n<title>Arven Mirror - Elve<\/title>\n<meta name=\"robots\" content=\"index, follow, max-snippet:-1, max-image-preview:large, max-video-preview:-1\" \/>\n<link rel=\"canonical\" href=\"https:\/\/elvemobilya.com\/tr\/arven-mirror\/\" \/>\n<meta property=\"og:locale\" content=\"tr_TR\" \/>\n<meta property=\"og:type\" content=\"article\" \/>\n<meta property=\"og:title\" content=\"Arven Mirror - Elve\" \/>\n<meta property=\"og:description\" content=\"The Arven Mirror is a sophisticated and contemporary mirror designed to enhance any room with its sleek and minimalist style. Featuring a clean, geometric frame, it offers a refined aesthetic while adding depth and light to your space.\" \/>\n<meta property=\"og:url\" content=\"https:\/\/elvemobilya.com\/tr\/arven-mirror\/\" \/>\n<meta property=\"og:site_name\" content=\"Elve\" \/>\n<meta property=\"article:modified_time\" content=\"2025-01-13T14:39:51+00:00\" \/>\n<meta property=\"og:image\" content=\"https:\/\/elvemobilya.com\/wp-content\/uploads\/2025\/01\/arven-mirror-140124-1.jpg\" \/>\n\t<meta property=\"og:image:width\" content=\"1920\" \/>\n\t<meta property=\"og:image:height\" content=\"1200\" \/>\n\t<meta property=\"og:image:type\" content=\"image\/jpeg\" \/>\n<meta name=\"twitter:card\" content=\"summary_large_image\" \/>\n<script type=\"application\/ld+json\" class=\"yoast-schema-graph\">{\"@context\":\"https:\/\/schema.org\",\"@graph\":[{\"@type\":\"WebPage\",\"@id\":\"https:\/\/elvemobilya.com\/arven-mirror\/\",\"url\":\"https:\/\/elvemobilya.com\/arven-mirror\/\",\"name\":\"Arven Mirror - Elve\",\"isPartOf\":{\"@id\":\"https:\/\/elvemobilya.com\/#website\"},\"primaryImageOfPage\":{\"@id\":\"https:\/\/elvemobilya.com\/arven-mirror\/#primaryimage\"},\"image\":{\"@id\":\"https:\/\/elvemobilya.com\/arven-mirror\/#primaryimage\"},\"thumbnailUrl\":\"https:\/\/elvemobilya.com\/wp-content\/uploads\/2025\/01\/arven-mirror-140124-1.jpg\",\"datePublished\":\"2025-01-13T12:32:26+00:00\",\"dateModified\":\"2025-01-13T14:39:51+00:00\",\"breadcrumb\":{\"@id\":\"https:\/\/elvemobilya.com\/arven-mirror\/#breadcrumb\"},\"inLanguage\":\"tr\",\"potentialAction\":[{\"@type\":\"ReadAction\",\"target\":[\"https:\/\/elvemobilya.com\/arven-mirror\/\"]}]},{\"@type\":\"ImageObject\",\"inLanguage\":\"tr\",\"@id\":\"https:\/\/elvemobilya.com\/arven-mirror\/#primaryimage\",\"url\":\"https:\/\/elvemobilya.com\/wp-content\/uploads\/2025\/01\/arven-mirror-140124-1.jpg\",\"contentUrl\":\"https:\/\/elvemobilya.com\/wp-content\/uploads\/2025\/01\/arven-mirror-140124-1.jpg\",\"width\":1920,\"height\":1200},{\"@type\":\"BreadcrumbList\",\"@id\":\"https:\/\/elvemobilya.com\/arven-mirror\/#breadcrumb\",\"itemListElement\":[{\"@type\":\"ListItem\",\"position\":1,\"name\":\"Home\",\"item\":\"https:\/\/elvemobilya.com\/\"},{\"@type\":\"ListItem\",\"position\":2,\"name\":\"Products\",\"item\":\"https:\/\/elvemobilya.com\/shop\/\"},{\"@type\":\"ListItem\",\"position\":3,\"name\":\"Arven Mirror\"}]},{\"@type\":\"WebSite\",\"@id\":\"https:\/\/elvemobilya.com\/#website\",\"url\":\"https:\/\/elvemobilya.com\/\",\"name\":\"Elve\",\"description\":\"Furniture\",\"potentialAction\":[{\"@type\":\"SearchAction\",\"target\":{\"@type\":\"EntryPoint\",\"urlTemplate\":\"https:\/\/elvemobilya.com\/?s={search_term_string}\"},\"query-input\":{\"@type\":\"PropertyValueSpecification\",\"valueRequired\":true,\"valueName\":\"search_term_string\"}}],\"inLanguage\":\"tr\"}]}<\/script>\n<!-- \/ Yoast SEO plugin. -->","yoast_head_json":{"title":"Arven Mirror - Elve","robots":{"index":"index","follow":"follow","max-snippet":"max-snippet:-1","max-image-preview":"max-image-preview:large","max-video-preview":"max-video-preview:-1"},"canonical":"https:\/\/elvemobilya.com\/tr\/arven-mirror\/","og_locale":"tr_TR","og_type":"article","og_title":"Arven Mirror - Elve","og_description":"The Arven Mirror is a sophisticated and contemporary mirror designed to enhance any room with its sleek and minimalist style. Featuring a clean, geometric frame, it offers a refined aesthetic while adding depth and light to your space.","og_url":"https:\/\/elvemobilya.com\/tr\/arven-mirror\/","og_site_name":"Elve","article_modified_time":"2025-01-13T14:39:51+00:00","og_image":[{"width":1920,"height":1200,"url":"https:\/\/elvemobilya.com\/wp-content\/uploads\/2025\/01\/arven-mirror-140124-1.jpg","type":"image\/jpeg"}],"twitter_card":"summary_large_image","schema":{"@context":"https:\/\/schema.org","@graph":[{"@type":"WebPage","@id":"https:\/\/elvemobilya.com\/arven-mirror\/","url":"https:\/\/elvemobilya.com\/arven-mirror\/","name":"Arven Mirror - Elve","isPartOf":{"@id":"https:\/\/elvemobilya.com\/#website"},"primaryImageOfPage":{"@id":"https:\/\/elvemobilya.com\/arven-mirror\/#primaryimage"},"image":{"@id":"https:\/\/elvemobilya.com\/arven-mirror\/#primaryimage"},"thumbnailUrl":"https:\/\/elvemobilya.com\/wp-content\/uploads\/2025\/01\/arven-mirror-140124-1.jpg","datePublished":"2025-01-13T12:32:26+00:00","dateModified":"2025-01-13T14:39:51+00:00","breadcrumb":{"@id":"https:\/\/elvemobilya.com\/arven-mirror\/#breadcrumb"},"inLanguage":"tr","potentialAction":[{"@type":"ReadAction","target":["https:\/\/elvemobilya.com\/arven-mirror\/"]}]},{"@type":"ImageObject","inLanguage":"tr","@id":"https:\/\/elvemobilya.com\/arven-mirror\/#primaryimage","url":"https:\/\/elvemobilya.com\/wp-content\/uploads\/2025\/01\/arven-mirror-140124-1.jpg","contentUrl":"https:\/\/elvemobilya.com\/wp-content\/uploads\/2025\/01\/arven-mirror-140124-1.jpg","width":1920,"height":1200},{"@type":"BreadcrumbList","@id":"https:\/\/elvemobilya.com\/arven-mirror\/#breadcrumb","itemListElement":[{"@type":"ListItem","position":1,"name":"Home","item":"https:\/\/elvemobilya.com\/"},{"@type":"ListItem","position":2,"name":"Products","item":"https:\/\/elvemobilya.com\/shop\/"},{"@type":"ListItem","position":3,"name":"Arven Mirror"}]},{"@type":"WebSite","@id":"https:\/\/elvemobilya.com\/#website","url":"https:\/\/elvemobilya.com\/","name":"Elve","description":"Furniture","potentialAction":[{"@type":"SearchAction","target":{"@type":"EntryPoint","urlTemplate":"https:\/\/elvemobilya.com\/?s={search_term_string}"},"query-input":{"@type":"PropertyValueSpecification","valueRequired":true,"valueName":"search_term_string"}}],"inLanguage":"tr"}]}},"_links":{"self":[{"href":"https:\/\/elvemobilya.com\/tr\/wp-json\/wp\/v2\/product\/1525","targetHints":{"allow":["GET"]}}],"collection":[{"href":"https:\/\/elvemobilya.com\/tr\/wp-json\/wp\/v2\/product"}],"about":[{"href":"https:\/\/elvemobilya.com\/tr\/wp-json\/wp\/v2\/types\/product"}],"replies":[{"embeddable":true,"href":"https:\/\/elvemobilya.com\/tr\/wp-json\/wp\/v2\/comments?post=1525"}],"wp:featuredmedia":[{"embeddable":true,"href":"https:\/\/elvemobilya.com\/tr\/wp-json\/wp\/v2\/media\/1563"}],"wp:attachment":[{"href":"https:\/\/elvemobilya.com\/tr\/wp-json\/wp\/v2\/media?parent=1525"}],"wp:term":[{"taxonomy":"product_brand","embeddable":true,"href":"https:\/\/elvemobilya.com\/tr\/wp-json\/wp\/v2\/product_brand?post=1525"},{"taxonomy":"product_cat","embeddable":true,"href":"https:\/\/elvemobilya.com\/tr\/wp-json\/wp\/v2\/product_cat?post=1525"},{"taxonomy":"product_tag","embeddable":true,"href":"https:\/\/elvemobilya.com\/tr\/wp-json\/wp\/v2\/product_tag?post=1525"}],"curies":[{"name":"wp","href":"https:\/\/api.w.org\/{rel}","templated":true}]}}