{"id":1553,"date":"2025-01-13T14:07:11","date_gmt":"2025-01-13T14:07:11","guid":{"rendered":"https:\/\/elve.kodektif.com\/?post_type=product&#038;p=1553"},"modified":"2025-01-13T15:13:17","modified_gmt":"2025-01-13T15:13:17","slug":"sole-coffee-table","status":"publish","type":"product","link":"https:\/\/elvemobilya.com\/tr\/urun\/sole-coffee-table\/","title":{"rendered":"Sole Orta Sehpa"},"content":{"rendered":"","protected":false},"excerpt":{"rendered":"<p>Sole Coffee Table, modern tasar\u0131m\u0131 ve zarif detaylar\u0131yla ya\u015fam alanlar\u0131na \u015f\u0131kl\u0131k katar. \u0130\u015flevselli\u011fi \u00f6n planda tutan bu sehpa, kaliteli malzemelerle \u00fcretilmi\u015f olup, dekorasyonunuzun tamamlay\u0131c\u0131 bir par\u00e7as\u0131 olarak \u00f6ne \u00e7\u0131kar. Geni\u015f y\u00fczeyiyle hem kullan\u0131\u015fl\u0131 hem de estetik bir se\u00e7enek sunar.<\/p>","protected":false},"featured_media":1580,"comment_status":"open","ping_status":"closed","template":"","meta":[],"product_brand":[],"product_cat":[61,17],"product_tag":[],"class_list":{"0":"post-1553","1":"product","2":"type-product","3":"status-publish","4":"has-post-thumbnail","6":"product_cat-coffee-tables","7":"product_cat-products","9":"first","10":"instock","11":"shipping-taxable","12":"product-type-simple"},"yoast_head":"<!-- This site is optimized with the Yoast SEO plugin v27.1.1 - https:\/\/yoast.com\/product\/yoast-seo-wordpress\/ -->\n<title>Sole Coffee Table - Elve<\/title>\n<meta name=\"robots\" content=\"index, follow, max-snippet:-1, max-image-preview:large, max-video-preview:-1\" \/>\n<link rel=\"canonical\" href=\"https:\/\/elvemobilya.com\/tr\/sole-coffee-table\/\" \/>\n<meta property=\"og:locale\" content=\"tr_TR\" \/>\n<meta property=\"og:type\" content=\"article\" \/>\n<meta property=\"og:title\" content=\"Sole Coffee Table - Elve\" \/>\n<meta property=\"og:description\" content=\"Sole Coffee Table, modern tasar\u0131m\u0131 ve zarif detaylar\u0131yla ya\u015fam alanlar\u0131na \u015f\u0131kl\u0131k katar. \u0130\u015flevselli\u011fi \u00f6n planda tutan bu sehpa, kaliteli malzemelerle \u00fcretilmi\u015f olup, dekorasyonunuzun tamamlay\u0131c\u0131 bir par\u00e7as\u0131 olarak \u00f6ne \u00e7\u0131kar. Geni\u015f y\u00fczeyiyle hem kullan\u0131\u015fl\u0131 hem de estetik bir se\u00e7enek sunar.\" \/>\n<meta property=\"og:url\" content=\"https:\/\/elvemobilya.com\/tr\/sole-coffee-table\/\" \/>\n<meta property=\"og:site_name\" content=\"Elve\" \/>\n<meta property=\"article:modified_time\" content=\"2025-01-13T15:13:17+00:00\" \/>\n<meta property=\"og:image\" content=\"https:\/\/elvemobilya.com\/wp-content\/uploads\/2025\/01\/sole-coffee-table-140125-1.jpg\" \/>\n\t<meta property=\"og:image:width\" content=\"1920\" \/>\n\t<meta property=\"og:image:height\" content=\"1200\" \/>\n\t<meta property=\"og:image:type\" content=\"image\/jpeg\" \/>\n<meta name=\"twitter:card\" content=\"summary_large_image\" \/>\n<script type=\"application\/ld+json\" class=\"yoast-schema-graph\">{\"@context\":\"https:\/\/schema.org\",\"@graph\":[{\"@type\":\"WebPage\",\"@id\":\"https:\/\/elvemobilya.com\/sole-coffee-table\/\",\"url\":\"https:\/\/elvemobilya.com\/sole-coffee-table\/\",\"name\":\"Sole Coffee Table - Elve\",\"isPartOf\":{\"@id\":\"https:\/\/elvemobilya.com\/#website\"},\"primaryImageOfPage\":{\"@id\":\"https:\/\/elvemobilya.com\/sole-coffee-table\/#primaryimage\"},\"image\":{\"@id\":\"https:\/\/elvemobilya.com\/sole-coffee-table\/#primaryimage\"},\"thumbnailUrl\":\"https:\/\/elvemobilya.com\/wp-content\/uploads\/2025\/01\/sole-coffee-table-140125-1.jpg\",\"datePublished\":\"2025-01-13T14:07:11+00:00\",\"dateModified\":\"2025-01-13T15:13:17+00:00\",\"breadcrumb\":{\"@id\":\"https:\/\/elvemobilya.com\/sole-coffee-table\/#breadcrumb\"},\"inLanguage\":\"tr\",\"potentialAction\":[{\"@type\":\"ReadAction\",\"target\":[\"https:\/\/elvemobilya.com\/sole-coffee-table\/\"]}]},{\"@type\":\"ImageObject\",\"inLanguage\":\"tr\",\"@id\":\"https:\/\/elvemobilya.com\/sole-coffee-table\/#primaryimage\",\"url\":\"https:\/\/elvemobilya.com\/wp-content\/uploads\/2025\/01\/sole-coffee-table-140125-1.jpg\",\"contentUrl\":\"https:\/\/elvemobilya.com\/wp-content\/uploads\/2025\/01\/sole-coffee-table-140125-1.jpg\",\"width\":1920,\"height\":1200},{\"@type\":\"BreadcrumbList\",\"@id\":\"https:\/\/elvemobilya.com\/sole-coffee-table\/#breadcrumb\",\"itemListElement\":[{\"@type\":\"ListItem\",\"position\":1,\"name\":\"Home\",\"item\":\"https:\/\/elvemobilya.com\/\"},{\"@type\":\"ListItem\",\"position\":2,\"name\":\"Products\",\"item\":\"https:\/\/elvemobilya.com\/shop\/\"},{\"@type\":\"ListItem\",\"position\":3,\"name\":\"Sole Coffee Table\"}]},{\"@type\":\"WebSite\",\"@id\":\"https:\/\/elvemobilya.com\/#website\",\"url\":\"https:\/\/elvemobilya.com\/\",\"name\":\"Elve\",\"description\":\"Furniture\",\"potentialAction\":[{\"@type\":\"SearchAction\",\"target\":{\"@type\":\"EntryPoint\",\"urlTemplate\":\"https:\/\/elvemobilya.com\/?s={search_term_string}\"},\"query-input\":{\"@type\":\"PropertyValueSpecification\",\"valueRequired\":true,\"valueName\":\"search_term_string\"}}],\"inLanguage\":\"tr\"}]}<\/script>\n<!-- \/ Yoast SEO plugin. -->","yoast_head_json":{"title":"Sole Coffee Table - Elve","robots":{"index":"index","follow":"follow","max-snippet":"max-snippet:-1","max-image-preview":"max-image-preview:large","max-video-preview":"max-video-preview:-1"},"canonical":"https:\/\/elvemobilya.com\/tr\/sole-coffee-table\/","og_locale":"tr_TR","og_type":"article","og_title":"Sole Coffee Table - Elve","og_description":"Sole Coffee Table, modern tasar\u0131m\u0131 ve zarif detaylar\u0131yla ya\u015fam alanlar\u0131na \u015f\u0131kl\u0131k katar. \u0130\u015flevselli\u011fi \u00f6n planda tutan bu sehpa, kaliteli malzemelerle \u00fcretilmi\u015f olup, dekorasyonunuzun tamamlay\u0131c\u0131 bir par\u00e7as\u0131 olarak \u00f6ne \u00e7\u0131kar. Geni\u015f y\u00fczeyiyle hem kullan\u0131\u015fl\u0131 hem de estetik bir se\u00e7enek sunar.","og_url":"https:\/\/elvemobilya.com\/tr\/sole-coffee-table\/","og_site_name":"Elve","article_modified_time":"2025-01-13T15:13:17+00:00","og_image":[{"width":1920,"height":1200,"url":"https:\/\/elvemobilya.com\/wp-content\/uploads\/2025\/01\/sole-coffee-table-140125-1.jpg","type":"image\/jpeg"}],"twitter_card":"summary_large_image","schema":{"@context":"https:\/\/schema.org","@graph":[{"@type":"WebPage","@id":"https:\/\/elvemobilya.com\/sole-coffee-table\/","url":"https:\/\/elvemobilya.com\/sole-coffee-table\/","name":"Sole Coffee Table - Elve","isPartOf":{"@id":"https:\/\/elvemobilya.com\/#website"},"primaryImageOfPage":{"@id":"https:\/\/elvemobilya.com\/sole-coffee-table\/#primaryimage"},"image":{"@id":"https:\/\/elvemobilya.com\/sole-coffee-table\/#primaryimage"},"thumbnailUrl":"https:\/\/elvemobilya.com\/wp-content\/uploads\/2025\/01\/sole-coffee-table-140125-1.jpg","datePublished":"2025-01-13T14:07:11+00:00","dateModified":"2025-01-13T15:13:17+00:00","breadcrumb":{"@id":"https:\/\/elvemobilya.com\/sole-coffee-table\/#breadcrumb"},"inLanguage":"tr","potentialAction":[{"@type":"ReadAction","target":["https:\/\/elvemobilya.com\/sole-coffee-table\/"]}]},{"@type":"ImageObject","inLanguage":"tr","@id":"https:\/\/elvemobilya.com\/sole-coffee-table\/#primaryimage","url":"https:\/\/elvemobilya.com\/wp-content\/uploads\/2025\/01\/sole-coffee-table-140125-1.jpg","contentUrl":"https:\/\/elvemobilya.com\/wp-content\/uploads\/2025\/01\/sole-coffee-table-140125-1.jpg","width":1920,"height":1200},{"@type":"BreadcrumbList","@id":"https:\/\/elvemobilya.com\/sole-coffee-table\/#breadcrumb","itemListElement":[{"@type":"ListItem","position":1,"name":"Home","item":"https:\/\/elvemobilya.com\/"},{"@type":"ListItem","position":2,"name":"Products","item":"https:\/\/elvemobilya.com\/shop\/"},{"@type":"ListItem","position":3,"name":"Sole Coffee Table"}]},{"@type":"WebSite","@id":"https:\/\/elvemobilya.com\/#website","url":"https:\/\/elvemobilya.com\/","name":"Elve","description":"Furniture","potentialAction":[{"@type":"SearchAction","target":{"@type":"EntryPoint","urlTemplate":"https:\/\/elvemobilya.com\/?s={search_term_string}"},"query-input":{"@type":"PropertyValueSpecification","valueRequired":true,"valueName":"search_term_string"}}],"inLanguage":"tr"}]}},"_links":{"self":[{"href":"https:\/\/elvemobilya.com\/tr\/wp-json\/wp\/v2\/product\/1553","targetHints":{"allow":["GET"]}}],"collection":[{"href":"https:\/\/elvemobilya.com\/tr\/wp-json\/wp\/v2\/product"}],"about":[{"href":"https:\/\/elvemobilya.com\/tr\/wp-json\/wp\/v2\/types\/product"}],"replies":[{"embeddable":true,"href":"https:\/\/elvemobilya.com\/tr\/wp-json\/wp\/v2\/comments?post=1553"}],"wp:featuredmedia":[{"embeddable":true,"href":"https:\/\/elvemobilya.com\/tr\/wp-json\/wp\/v2\/media\/1580"}],"wp:attachment":[{"href":"https:\/\/elvemobilya.com\/tr\/wp-json\/wp\/v2\/media?parent=1553"}],"wp:term":[{"taxonomy":"product_brand","embeddable":true,"href":"https:\/\/elvemobilya.com\/tr\/wp-json\/wp\/v2\/product_brand?post=1553"},{"taxonomy":"product_cat","embeddable":true,"href":"https:\/\/elvemobilya.com\/tr\/wp-json\/wp\/v2\/product_cat?post=1553"},{"taxonomy":"product_tag","embeddable":true,"href":"https:\/\/elvemobilya.com\/tr\/wp-json\/wp\/v2\/product_tag?post=1553"}],"curies":[{"name":"wp","href":"https:\/\/api.w.org\/{rel}","templated":true}]}}