{"id":482,"date":"2024-12-24T08:38:10","date_gmt":"2024-12-24T08:38:10","guid":{"rendered":"https:\/\/elve.kodektif.com\/?post_type=product&#038;p=482"},"modified":"2025-01-08T14:47:50","modified_gmt":"2025-01-08T14:47:50","slug":"petra-showcase","status":"publish","type":"product","link":"https:\/\/elvemobilya.com\/tr\/urun\/petra-showcase\/","title":{"rendered":"Petra Vitrin"},"content":{"rendered":"","protected":false},"excerpt":{"rendered":"<p>Petra vitrin, zarafeti i\u015flevsellikle birle\u015ftiren, g\u00fczel haz\u0131rlanm\u0131\u015f bir par\u00e7ad\u0131r. Y\u00fcksek kaliteli malzemelerle \u015f\u0131k, modern bir tasar\u0131ma sahip olan bu vitrin, koleksiyon par\u00e7alar\u0131, z\u00fcccaciye veya dekor gibi de\u011ferli e\u015fyalar\u0131n\u0131z\u0131 sergilemek i\u00e7in sofistike bir yol sa\u011flar. Cam panelleri ve geni\u015f raflar\u0131 engelsiz bir g\u00f6r\u00fc\u015f sa\u011flarken, sa\u011flam \u00e7er\u00e7evesi dayan\u0131kl\u0131l\u0131k sa\u011flar. Petra vitrinin minimalist esteti\u011fi, \u00e7e\u015fitli i\u00e7 mekanlara kusursuz bir \u015fekilde entegre olarak, ya\u015fam veya yemek alan\u0131n\u0131za zarif bir dokunu\u015f kat\u0131yor. <\/p>","protected":false},"featured_media":1340,"comment_status":"open","ping_status":"closed","template":"","meta":[],"product_brand":[],"product_cat":[31,17,68],"product_tag":[],"class_list":{"0":"post-482","1":"product","2":"type-product","3":"status-publish","4":"has-post-thumbnail","6":"product_cat-complements","7":"product_cat-products","8":"product_cat-showcases","10":"first","11":"instock","12":"shipping-taxable","13":"product-type-simple"},"yoast_head":"<!-- This site is optimized with the Yoast SEO plugin v27.1.1 - https:\/\/yoast.com\/product\/yoast-seo-wordpress\/ -->\n<title>Petra Showcase - Elve<\/title>\n<meta name=\"robots\" content=\"index, follow, max-snippet:-1, max-image-preview:large, max-video-preview:-1\" \/>\n<link rel=\"canonical\" href=\"https:\/\/elvemobilya.com\/tr\/petra-showcase\/\" \/>\n<meta property=\"og:locale\" content=\"tr_TR\" \/>\n<meta property=\"og:type\" content=\"article\" \/>\n<meta property=\"og:title\" content=\"Petra Showcase - Elve\" \/>\n<meta property=\"og:description\" content=\"Petra Showcase is a beautifully crafted piece that combines elegance with functionality. Featuring a sleek, modern design with high-quality materials, this showcase provides a sophisticated way to display your cherished items, such as collectibles, glassware, or decor. Its glass panels and spacious shelves allow for an unobstructed view, while the sturdy frame ensures durability. Petra Showcase\u2019s minimalist aesthetic seamlessly integrates into a variety of interiors, adding a touch of refinement to your living or dining space.\" \/>\n<meta property=\"og:url\" content=\"https:\/\/elvemobilya.com\/tr\/petra-showcase\/\" \/>\n<meta property=\"og:site_name\" content=\"Elve\" \/>\n<meta property=\"article:modified_time\" content=\"2025-01-08T14:47:50+00:00\" \/>\n<meta property=\"og:image\" content=\"https:\/\/elvemobilya.com\/wp-content\/uploads\/2024\/12\/petra-showcase-040125-1.jpg\" \/>\n\t<meta property=\"og:image:width\" content=\"1920\" \/>\n\t<meta property=\"og:image:height\" content=\"1200\" \/>\n\t<meta property=\"og:image:type\" content=\"image\/jpeg\" \/>\n<meta name=\"twitter:card\" content=\"summary_large_image\" \/>\n<script type=\"application\/ld+json\" class=\"yoast-schema-graph\">{\"@context\":\"https:\/\/schema.org\",\"@graph\":[{\"@type\":\"WebPage\",\"@id\":\"https:\/\/elvemobilya.com\/petra-showcase\/\",\"url\":\"https:\/\/elvemobilya.com\/petra-showcase\/\",\"name\":\"Petra Showcase - Elve\",\"isPartOf\":{\"@id\":\"https:\/\/elvemobilya.com\/#website\"},\"primaryImageOfPage\":{\"@id\":\"https:\/\/elvemobilya.com\/petra-showcase\/#primaryimage\"},\"image\":{\"@id\":\"https:\/\/elvemobilya.com\/petra-showcase\/#primaryimage\"},\"thumbnailUrl\":\"https:\/\/elvemobilya.com\/wp-content\/uploads\/2024\/12\/petra-showcase-040125-1.jpg\",\"datePublished\":\"2024-12-24T08:38:10+00:00\",\"dateModified\":\"2025-01-08T14:47:50+00:00\",\"breadcrumb\":{\"@id\":\"https:\/\/elvemobilya.com\/petra-showcase\/#breadcrumb\"},\"inLanguage\":\"tr\",\"potentialAction\":[{\"@type\":\"ReadAction\",\"target\":[\"https:\/\/elvemobilya.com\/petra-showcase\/\"]}]},{\"@type\":\"ImageObject\",\"inLanguage\":\"tr\",\"@id\":\"https:\/\/elvemobilya.com\/petra-showcase\/#primaryimage\",\"url\":\"https:\/\/elvemobilya.com\/wp-content\/uploads\/2024\/12\/petra-showcase-040125-1.jpg\",\"contentUrl\":\"https:\/\/elvemobilya.com\/wp-content\/uploads\/2024\/12\/petra-showcase-040125-1.jpg\",\"width\":1920,\"height\":1200},{\"@type\":\"BreadcrumbList\",\"@id\":\"https:\/\/elvemobilya.com\/petra-showcase\/#breadcrumb\",\"itemListElement\":[{\"@type\":\"ListItem\",\"position\":1,\"name\":\"Home\",\"item\":\"https:\/\/elvemobilya.com\/\"},{\"@type\":\"ListItem\",\"position\":2,\"name\":\"Products\",\"item\":\"https:\/\/elvemobilya.com\/shop\/\"},{\"@type\":\"ListItem\",\"position\":3,\"name\":\"Petra Showcase\"}]},{\"@type\":\"WebSite\",\"@id\":\"https:\/\/elvemobilya.com\/#website\",\"url\":\"https:\/\/elvemobilya.com\/\",\"name\":\"Elve\",\"description\":\"Furniture\",\"potentialAction\":[{\"@type\":\"SearchAction\",\"target\":{\"@type\":\"EntryPoint\",\"urlTemplate\":\"https:\/\/elvemobilya.com\/?s={search_term_string}\"},\"query-input\":{\"@type\":\"PropertyValueSpecification\",\"valueRequired\":true,\"valueName\":\"search_term_string\"}}],\"inLanguage\":\"tr\"}]}<\/script>\n<!-- \/ Yoast SEO plugin. -->","yoast_head_json":{"title":"Petra Showcase - Elve","robots":{"index":"index","follow":"follow","max-snippet":"max-snippet:-1","max-image-preview":"max-image-preview:large","max-video-preview":"max-video-preview:-1"},"canonical":"https:\/\/elvemobilya.com\/tr\/petra-showcase\/","og_locale":"tr_TR","og_type":"article","og_title":"Petra Showcase - Elve","og_description":"Petra Showcase is a beautifully crafted piece that combines elegance with functionality. Featuring a sleek, modern design with high-quality materials, this showcase provides a sophisticated way to display your cherished items, such as collectibles, glassware, or decor. Its glass panels and spacious shelves allow for an unobstructed view, while the sturdy frame ensures durability. Petra Showcase\u2019s minimalist aesthetic seamlessly integrates into a variety of interiors, adding a touch of refinement to your living or dining space.","og_url":"https:\/\/elvemobilya.com\/tr\/petra-showcase\/","og_site_name":"Elve","article_modified_time":"2025-01-08T14:47:50+00:00","og_image":[{"width":1920,"height":1200,"url":"https:\/\/elvemobilya.com\/wp-content\/uploads\/2024\/12\/petra-showcase-040125-1.jpg","type":"image\/jpeg"}],"twitter_card":"summary_large_image","schema":{"@context":"https:\/\/schema.org","@graph":[{"@type":"WebPage","@id":"https:\/\/elvemobilya.com\/petra-showcase\/","url":"https:\/\/elvemobilya.com\/petra-showcase\/","name":"Petra Showcase - Elve","isPartOf":{"@id":"https:\/\/elvemobilya.com\/#website"},"primaryImageOfPage":{"@id":"https:\/\/elvemobilya.com\/petra-showcase\/#primaryimage"},"image":{"@id":"https:\/\/elvemobilya.com\/petra-showcase\/#primaryimage"},"thumbnailUrl":"https:\/\/elvemobilya.com\/wp-content\/uploads\/2024\/12\/petra-showcase-040125-1.jpg","datePublished":"2024-12-24T08:38:10+00:00","dateModified":"2025-01-08T14:47:50+00:00","breadcrumb":{"@id":"https:\/\/elvemobilya.com\/petra-showcase\/#breadcrumb"},"inLanguage":"tr","potentialAction":[{"@type":"ReadAction","target":["https:\/\/elvemobilya.com\/petra-showcase\/"]}]},{"@type":"ImageObject","inLanguage":"tr","@id":"https:\/\/elvemobilya.com\/petra-showcase\/#primaryimage","url":"https:\/\/elvemobilya.com\/wp-content\/uploads\/2024\/12\/petra-showcase-040125-1.jpg","contentUrl":"https:\/\/elvemobilya.com\/wp-content\/uploads\/2024\/12\/petra-showcase-040125-1.jpg","width":1920,"height":1200},{"@type":"BreadcrumbList","@id":"https:\/\/elvemobilya.com\/petra-showcase\/#breadcrumb","itemListElement":[{"@type":"ListItem","position":1,"name":"Home","item":"https:\/\/elvemobilya.com\/"},{"@type":"ListItem","position":2,"name":"Products","item":"https:\/\/elvemobilya.com\/shop\/"},{"@type":"ListItem","position":3,"name":"Petra Showcase"}]},{"@type":"WebSite","@id":"https:\/\/elvemobilya.com\/#website","url":"https:\/\/elvemobilya.com\/","name":"Elve","description":"Furniture","potentialAction":[{"@type":"SearchAction","target":{"@type":"EntryPoint","urlTemplate":"https:\/\/elvemobilya.com\/?s={search_term_string}"},"query-input":{"@type":"PropertyValueSpecification","valueRequired":true,"valueName":"search_term_string"}}],"inLanguage":"tr"}]}},"_links":{"self":[{"href":"https:\/\/elvemobilya.com\/tr\/wp-json\/wp\/v2\/product\/482","targetHints":{"allow":["GET"]}}],"collection":[{"href":"https:\/\/elvemobilya.com\/tr\/wp-json\/wp\/v2\/product"}],"about":[{"href":"https:\/\/elvemobilya.com\/tr\/wp-json\/wp\/v2\/types\/product"}],"replies":[{"embeddable":true,"href":"https:\/\/elvemobilya.com\/tr\/wp-json\/wp\/v2\/comments?post=482"}],"wp:featuredmedia":[{"embeddable":true,"href":"https:\/\/elvemobilya.com\/tr\/wp-json\/wp\/v2\/media\/1340"}],"wp:attachment":[{"href":"https:\/\/elvemobilya.com\/tr\/wp-json\/wp\/v2\/media?parent=482"}],"wp:term":[{"taxonomy":"product_brand","embeddable":true,"href":"https:\/\/elvemobilya.com\/tr\/wp-json\/wp\/v2\/product_brand?post=482"},{"taxonomy":"product_cat","embeddable":true,"href":"https:\/\/elvemobilya.com\/tr\/wp-json\/wp\/v2\/product_cat?post=482"},{"taxonomy":"product_tag","embeddable":true,"href":"https:\/\/elvemobilya.com\/tr\/wp-json\/wp\/v2\/product_tag?post=482"}],"curies":[{"name":"wp","href":"https:\/\/api.w.org\/{rel}","templated":true}]}}