{"id":687,"date":"2024-12-24T11:54:56","date_gmt":"2024-12-24T11:54:56","guid":{"rendered":"https:\/\/elve.kodektif.com\/?post_type=product&#038;p=687"},"modified":"2025-01-15T09:35:34","modified_gmt":"2025-01-15T09:35:34","slug":"ecarte-tv-unit","status":"publish","type":"product","link":"https:\/\/elvemobilya.com\/tr\/urun\/ecarte-tv-unit\/","title":{"rendered":"Ecarte Tv \u00dcnitesi"},"content":{"rendered":"","protected":false},"excerpt":{"rendered":"<p>Ecarte tv \u00fcnitesi, tarz\u0131 i\u015flevsellikle birle\u015ftiren, oturma odan\u0131z\u0131 g\u00fczelle\u015ftirmek i\u00e7in m\u00fckemmel, \u015f\u0131k ve modern bir par\u00e7ad\u0131r. Y\u00fcksek kaliteli malzemelerden \u00fcretilen bu TV \u00fcnitesi, net hatlara ve \u00e7e\u015fitli i\u00e7 mekan tarzlar\u0131n\u0131 tamamlayan minimalist bir tasar\u0131ma sahiptir.<\/p>","protected":false},"featured_media":1162,"comment_status":"open","ping_status":"closed","template":"","meta":[],"product_brand":[],"product_cat":[17,39],"product_tag":[],"class_list":{"0":"post-687","1":"product","2":"type-product","3":"status-publish","4":"has-post-thumbnail","6":"product_cat-products","7":"product_cat-tv-units","9":"first","10":"instock","11":"shipping-taxable","12":"product-type-simple"},"yoast_head":"<!-- This site is optimized with the Yoast SEO plugin v27.1.1 - https:\/\/yoast.com\/product\/yoast-seo-wordpress\/ -->\n<title>Ecarte Tv Unit - Elve<\/title>\n<meta name=\"robots\" content=\"index, follow, max-snippet:-1, max-image-preview:large, max-video-preview:-1\" \/>\n<link rel=\"canonical\" href=\"https:\/\/elvemobilya.com\/tr\/ecarte-tv-unit\/\" \/>\n<meta property=\"og:locale\" content=\"tr_TR\" \/>\n<meta property=\"og:type\" content=\"article\" \/>\n<meta property=\"og:title\" content=\"Ecarte Tv Unit - Elve\" \/>\n<meta property=\"og:description\" content=\"Ecarte TV Unit is a sleek and modern piece that combines style with functionality, perfect for enhancing your living room. Crafted from high-quality materials, this TV unit features clean lines and a minimalist design that complements a variety of interior styles.\" \/>\n<meta property=\"og:url\" content=\"https:\/\/elvemobilya.com\/tr\/ecarte-tv-unit\/\" \/>\n<meta property=\"og:site_name\" content=\"Elve\" \/>\n<meta property=\"article:modified_time\" content=\"2025-01-15T09:35:34+00:00\" \/>\n<meta property=\"og:image\" content=\"https:\/\/elvemobilya.com\/wp-content\/uploads\/2024\/12\/ecarte-living-room-collection-311224-1.jpg\" \/>\n\t<meta property=\"og:image:width\" content=\"1920\" \/>\n\t<meta property=\"og:image:height\" content=\"1200\" \/>\n\t<meta property=\"og:image:type\" content=\"image\/jpeg\" \/>\n<meta name=\"twitter:card\" content=\"summary_large_image\" \/>\n<meta name=\"twitter:label1\" content=\"Tahmini okuma s\u00fcresi\" \/>\n\t<meta name=\"twitter:data1\" content=\"1 dakika\" \/>\n<script type=\"application\/ld+json\" class=\"yoast-schema-graph\">{\"@context\":\"https:\/\/schema.org\",\"@graph\":[{\"@type\":\"WebPage\",\"@id\":\"https:\/\/elvemobilya.com\/ecarte-tv-unit\/\",\"url\":\"https:\/\/elvemobilya.com\/ecarte-tv-unit\/\",\"name\":\"Ecarte Tv Unit - Elve\",\"isPartOf\":{\"@id\":\"https:\/\/elvemobilya.com\/#website\"},\"primaryImageOfPage\":{\"@id\":\"https:\/\/elvemobilya.com\/ecarte-tv-unit\/#primaryimage\"},\"image\":{\"@id\":\"https:\/\/elvemobilya.com\/ecarte-tv-unit\/#primaryimage\"},\"thumbnailUrl\":\"https:\/\/elvemobilya.com\/wp-content\/uploads\/2024\/12\/ecarte-living-room-collection-311224-1.jpg\",\"datePublished\":\"2024-12-24T11:54:56+00:00\",\"dateModified\":\"2025-01-15T09:35:34+00:00\",\"breadcrumb\":{\"@id\":\"https:\/\/elvemobilya.com\/ecarte-tv-unit\/#breadcrumb\"},\"inLanguage\":\"tr\",\"potentialAction\":[{\"@type\":\"ReadAction\",\"target\":[\"https:\/\/elvemobilya.com\/ecarte-tv-unit\/\"]}]},{\"@type\":\"ImageObject\",\"inLanguage\":\"tr\",\"@id\":\"https:\/\/elvemobilya.com\/ecarte-tv-unit\/#primaryimage\",\"url\":\"https:\/\/elvemobilya.com\/wp-content\/uploads\/2024\/12\/ecarte-living-room-collection-311224-1.jpg\",\"contentUrl\":\"https:\/\/elvemobilya.com\/wp-content\/uploads\/2024\/12\/ecarte-living-room-collection-311224-1.jpg\",\"width\":1920,\"height\":1200},{\"@type\":\"BreadcrumbList\",\"@id\":\"https:\/\/elvemobilya.com\/ecarte-tv-unit\/#breadcrumb\",\"itemListElement\":[{\"@type\":\"ListItem\",\"position\":1,\"name\":\"Home\",\"item\":\"https:\/\/elvemobilya.com\/\"},{\"@type\":\"ListItem\",\"position\":2,\"name\":\"Products\",\"item\":\"https:\/\/elvemobilya.com\/shop\/\"},{\"@type\":\"ListItem\",\"position\":3,\"name\":\"Ecarte Tv Unit\"}]},{\"@type\":\"WebSite\",\"@id\":\"https:\/\/elvemobilya.com\/#website\",\"url\":\"https:\/\/elvemobilya.com\/\",\"name\":\"Elve\",\"description\":\"Furniture\",\"potentialAction\":[{\"@type\":\"SearchAction\",\"target\":{\"@type\":\"EntryPoint\",\"urlTemplate\":\"https:\/\/elvemobilya.com\/?s={search_term_string}\"},\"query-input\":{\"@type\":\"PropertyValueSpecification\",\"valueRequired\":true,\"valueName\":\"search_term_string\"}}],\"inLanguage\":\"tr\"}]}<\/script>\n<!-- \/ Yoast SEO plugin. -->","yoast_head_json":{"title":"Ecarte Tv Unit - Elve","robots":{"index":"index","follow":"follow","max-snippet":"max-snippet:-1","max-image-preview":"max-image-preview:large","max-video-preview":"max-video-preview:-1"},"canonical":"https:\/\/elvemobilya.com\/tr\/ecarte-tv-unit\/","og_locale":"tr_TR","og_type":"article","og_title":"Ecarte Tv Unit - Elve","og_description":"Ecarte TV Unit is a sleek and modern piece that combines style with functionality, perfect for enhancing your living room. Crafted from high-quality materials, this TV unit features clean lines and a minimalist design that complements a variety of interior styles.","og_url":"https:\/\/elvemobilya.com\/tr\/ecarte-tv-unit\/","og_site_name":"Elve","article_modified_time":"2025-01-15T09:35:34+00:00","og_image":[{"width":1920,"height":1200,"url":"https:\/\/elvemobilya.com\/wp-content\/uploads\/2024\/12\/ecarte-living-room-collection-311224-1.jpg","type":"image\/jpeg"}],"twitter_card":"summary_large_image","twitter_misc":{"Tahmini okuma s\u00fcresi":"1 dakika"},"schema":{"@context":"https:\/\/schema.org","@graph":[{"@type":"WebPage","@id":"https:\/\/elvemobilya.com\/ecarte-tv-unit\/","url":"https:\/\/elvemobilya.com\/ecarte-tv-unit\/","name":"Ecarte Tv Unit - Elve","isPartOf":{"@id":"https:\/\/elvemobilya.com\/#website"},"primaryImageOfPage":{"@id":"https:\/\/elvemobilya.com\/ecarte-tv-unit\/#primaryimage"},"image":{"@id":"https:\/\/elvemobilya.com\/ecarte-tv-unit\/#primaryimage"},"thumbnailUrl":"https:\/\/elvemobilya.com\/wp-content\/uploads\/2024\/12\/ecarte-living-room-collection-311224-1.jpg","datePublished":"2024-12-24T11:54:56+00:00","dateModified":"2025-01-15T09:35:34+00:00","breadcrumb":{"@id":"https:\/\/elvemobilya.com\/ecarte-tv-unit\/#breadcrumb"},"inLanguage":"tr","potentialAction":[{"@type":"ReadAction","target":["https:\/\/elvemobilya.com\/ecarte-tv-unit\/"]}]},{"@type":"ImageObject","inLanguage":"tr","@id":"https:\/\/elvemobilya.com\/ecarte-tv-unit\/#primaryimage","url":"https:\/\/elvemobilya.com\/wp-content\/uploads\/2024\/12\/ecarte-living-room-collection-311224-1.jpg","contentUrl":"https:\/\/elvemobilya.com\/wp-content\/uploads\/2024\/12\/ecarte-living-room-collection-311224-1.jpg","width":1920,"height":1200},{"@type":"BreadcrumbList","@id":"https:\/\/elvemobilya.com\/ecarte-tv-unit\/#breadcrumb","itemListElement":[{"@type":"ListItem","position":1,"name":"Home","item":"https:\/\/elvemobilya.com\/"},{"@type":"ListItem","position":2,"name":"Products","item":"https:\/\/elvemobilya.com\/shop\/"},{"@type":"ListItem","position":3,"name":"Ecarte Tv Unit"}]},{"@type":"WebSite","@id":"https:\/\/elvemobilya.com\/#website","url":"https:\/\/elvemobilya.com\/","name":"Elve","description":"Furniture","potentialAction":[{"@type":"SearchAction","target":{"@type":"EntryPoint","urlTemplate":"https:\/\/elvemobilya.com\/?s={search_term_string}"},"query-input":{"@type":"PropertyValueSpecification","valueRequired":true,"valueName":"search_term_string"}}],"inLanguage":"tr"}]}},"_links":{"self":[{"href":"https:\/\/elvemobilya.com\/tr\/wp-json\/wp\/v2\/product\/687","targetHints":{"allow":["GET"]}}],"collection":[{"href":"https:\/\/elvemobilya.com\/tr\/wp-json\/wp\/v2\/product"}],"about":[{"href":"https:\/\/elvemobilya.com\/tr\/wp-json\/wp\/v2\/types\/product"}],"replies":[{"embeddable":true,"href":"https:\/\/elvemobilya.com\/tr\/wp-json\/wp\/v2\/comments?post=687"}],"wp:featuredmedia":[{"embeddable":true,"href":"https:\/\/elvemobilya.com\/tr\/wp-json\/wp\/v2\/media\/1162"}],"wp:attachment":[{"href":"https:\/\/elvemobilya.com\/tr\/wp-json\/wp\/v2\/media?parent=687"}],"wp:term":[{"taxonomy":"product_brand","embeddable":true,"href":"https:\/\/elvemobilya.com\/tr\/wp-json\/wp\/v2\/product_brand?post=687"},{"taxonomy":"product_cat","embeddable":true,"href":"https:\/\/elvemobilya.com\/tr\/wp-json\/wp\/v2\/product_cat?post=687"},{"taxonomy":"product_tag","embeddable":true,"href":"https:\/\/elvemobilya.com\/tr\/wp-json\/wp\/v2\/product_tag?post=687"}],"curies":[{"name":"wp","href":"https:\/\/api.w.org\/{rel}","templated":true}]}}