{"id":796,"date":"2024-12-24T15:51:34","date_gmt":"2024-12-24T15:51:34","guid":{"rendered":"https:\/\/elve.kodektif.com\/?post_type=product&#038;p=796"},"modified":"2024-12-25T13:32:16","modified_gmt":"2024-12-25T13:32:16","slug":"arven-dining-room","status":"publish","type":"product","link":"https:\/\/elvemobilya.com\/tr\/urun\/arven-dining-room\/","title":{"rendered":"Arven Yemek Odas\u0131"},"content":{"rendered":"","protected":false},"excerpt":{"rendered":"<p>Arven Dining Room, yemek deneyiminizi bir \u00fcst seviyeye ta\u015f\u0131mak i\u00e7in tasarlanm\u0131\u015f sofistike ve davetkar bir koleksiyondur. Modern estetik ve zamans\u0131z zanaatkarl\u0131\u011f\u0131n m\u00fckemmel bir birle\u015fimi olan bu yemek odas\u0131 seti, zarafet ve i\u015flevsellik yans\u0131tan g\u00fczelce tasarlanm\u0131\u015f par\u00e7alardan olu\u015fmaktad\u0131r. <\/p>","protected":false},"featured_media":799,"comment_status":"open","ping_status":"closed","template":"","meta":[],"product_brand":[],"product_cat":[52,16],"product_tag":[],"class_list":{"0":"post-796","1":"product","2":"type-product","3":"status-publish","4":"has-post-thumbnail","6":"product_cat-arven-collection","7":"product_cat-collections","9":"first","10":"instock","11":"shipping-taxable","12":"product-type-simple"},"yoast_head":"<!-- This site is optimized with the Yoast SEO plugin v27.1.1 - https:\/\/yoast.com\/product\/yoast-seo-wordpress\/ -->\n<title>Arven Dining Room - Elve<\/title>\n<meta name=\"robots\" content=\"index, follow, max-snippet:-1, max-image-preview:large, max-video-preview:-1\" \/>\n<link rel=\"canonical\" href=\"https:\/\/elvemobilya.com\/tr\/arven-dining-room\/\" \/>\n<meta property=\"og:locale\" content=\"tr_TR\" \/>\n<meta property=\"og:type\" content=\"article\" \/>\n<meta property=\"og:title\" content=\"Arven Dining Room - Elve\" \/>\n<meta property=\"og:description\" content=\"Arven Dining Room is a sophisticated and inviting collection designed to elevate your dining experience. Featuring a blend of modern aesthetics and timeless craftsmanship, this dining room set includes beautifully designed pieces that exude both elegance and functionality.\" \/>\n<meta property=\"og:url\" content=\"https:\/\/elvemobilya.com\/tr\/arven-dining-room\/\" \/>\n<meta property=\"og:site_name\" content=\"Elve\" \/>\n<meta property=\"article:modified_time\" content=\"2024-12-25T13:32:16+00:00\" \/>\n<meta property=\"og:image\" content=\"https:\/\/elvemobilya.com\/wp-content\/uploads\/2024\/12\/arven-dining-room-collection-241224-3.jpg\" \/>\n\t<meta property=\"og:image:width\" content=\"1920\" \/>\n\t<meta property=\"og:image:height\" content=\"1200\" \/>\n\t<meta property=\"og:image:type\" content=\"image\/jpeg\" \/>\n<meta name=\"twitter:card\" content=\"summary_large_image\" \/>\n<script type=\"application\/ld+json\" class=\"yoast-schema-graph\">{\"@context\":\"https:\/\/schema.org\",\"@graph\":[{\"@type\":\"WebPage\",\"@id\":\"https:\/\/elvemobilya.com\/arven-dining-room\/\",\"url\":\"https:\/\/elvemobilya.com\/arven-dining-room\/\",\"name\":\"Arven Dining Room - Elve\",\"isPartOf\":{\"@id\":\"https:\/\/elvemobilya.com\/#website\"},\"primaryImageOfPage\":{\"@id\":\"https:\/\/elvemobilya.com\/arven-dining-room\/#primaryimage\"},\"image\":{\"@id\":\"https:\/\/elvemobilya.com\/arven-dining-room\/#primaryimage\"},\"thumbnailUrl\":\"https:\/\/elvemobilya.com\/wp-content\/uploads\/2024\/12\/arven-dining-room-collection-241224-3.jpg\",\"datePublished\":\"2024-12-24T15:51:34+00:00\",\"dateModified\":\"2024-12-25T13:32:16+00:00\",\"breadcrumb\":{\"@id\":\"https:\/\/elvemobilya.com\/arven-dining-room\/#breadcrumb\"},\"inLanguage\":\"tr\",\"potentialAction\":[{\"@type\":\"ReadAction\",\"target\":[\"https:\/\/elvemobilya.com\/arven-dining-room\/\"]}]},{\"@type\":\"ImageObject\",\"inLanguage\":\"tr\",\"@id\":\"https:\/\/elvemobilya.com\/arven-dining-room\/#primaryimage\",\"url\":\"https:\/\/elvemobilya.com\/wp-content\/uploads\/2024\/12\/arven-dining-room-collection-241224-3.jpg\",\"contentUrl\":\"https:\/\/elvemobilya.com\/wp-content\/uploads\/2024\/12\/arven-dining-room-collection-241224-3.jpg\",\"width\":1920,\"height\":1200},{\"@type\":\"BreadcrumbList\",\"@id\":\"https:\/\/elvemobilya.com\/arven-dining-room\/#breadcrumb\",\"itemListElement\":[{\"@type\":\"ListItem\",\"position\":1,\"name\":\"Home\",\"item\":\"https:\/\/elvemobilya.com\/\"},{\"@type\":\"ListItem\",\"position\":2,\"name\":\"Products\",\"item\":\"https:\/\/elvemobilya.com\/shop\/\"},{\"@type\":\"ListItem\",\"position\":3,\"name\":\"Arven Dining Room\"}]},{\"@type\":\"WebSite\",\"@id\":\"https:\/\/elvemobilya.com\/#website\",\"url\":\"https:\/\/elvemobilya.com\/\",\"name\":\"Elve\",\"description\":\"Furniture\",\"potentialAction\":[{\"@type\":\"SearchAction\",\"target\":{\"@type\":\"EntryPoint\",\"urlTemplate\":\"https:\/\/elvemobilya.com\/?s={search_term_string}\"},\"query-input\":{\"@type\":\"PropertyValueSpecification\",\"valueRequired\":true,\"valueName\":\"search_term_string\"}}],\"inLanguage\":\"tr\"}]}<\/script>\n<!-- \/ Yoast SEO plugin. -->","yoast_head_json":{"title":"Arven Dining Room - Elve","robots":{"index":"index","follow":"follow","max-snippet":"max-snippet:-1","max-image-preview":"max-image-preview:large","max-video-preview":"max-video-preview:-1"},"canonical":"https:\/\/elvemobilya.com\/tr\/arven-dining-room\/","og_locale":"tr_TR","og_type":"article","og_title":"Arven Dining Room - Elve","og_description":"Arven Dining Room is a sophisticated and inviting collection designed to elevate your dining experience. Featuring a blend of modern aesthetics and timeless craftsmanship, this dining room set includes beautifully designed pieces that exude both elegance and functionality.","og_url":"https:\/\/elvemobilya.com\/tr\/arven-dining-room\/","og_site_name":"Elve","article_modified_time":"2024-12-25T13:32:16+00:00","og_image":[{"width":1920,"height":1200,"url":"https:\/\/elvemobilya.com\/wp-content\/uploads\/2024\/12\/arven-dining-room-collection-241224-3.jpg","type":"image\/jpeg"}],"twitter_card":"summary_large_image","schema":{"@context":"https:\/\/schema.org","@graph":[{"@type":"WebPage","@id":"https:\/\/elvemobilya.com\/arven-dining-room\/","url":"https:\/\/elvemobilya.com\/arven-dining-room\/","name":"Arven Dining Room - Elve","isPartOf":{"@id":"https:\/\/elvemobilya.com\/#website"},"primaryImageOfPage":{"@id":"https:\/\/elvemobilya.com\/arven-dining-room\/#primaryimage"},"image":{"@id":"https:\/\/elvemobilya.com\/arven-dining-room\/#primaryimage"},"thumbnailUrl":"https:\/\/elvemobilya.com\/wp-content\/uploads\/2024\/12\/arven-dining-room-collection-241224-3.jpg","datePublished":"2024-12-24T15:51:34+00:00","dateModified":"2024-12-25T13:32:16+00:00","breadcrumb":{"@id":"https:\/\/elvemobilya.com\/arven-dining-room\/#breadcrumb"},"inLanguage":"tr","potentialAction":[{"@type":"ReadAction","target":["https:\/\/elvemobilya.com\/arven-dining-room\/"]}]},{"@type":"ImageObject","inLanguage":"tr","@id":"https:\/\/elvemobilya.com\/arven-dining-room\/#primaryimage","url":"https:\/\/elvemobilya.com\/wp-content\/uploads\/2024\/12\/arven-dining-room-collection-241224-3.jpg","contentUrl":"https:\/\/elvemobilya.com\/wp-content\/uploads\/2024\/12\/arven-dining-room-collection-241224-3.jpg","width":1920,"height":1200},{"@type":"BreadcrumbList","@id":"https:\/\/elvemobilya.com\/arven-dining-room\/#breadcrumb","itemListElement":[{"@type":"ListItem","position":1,"name":"Home","item":"https:\/\/elvemobilya.com\/"},{"@type":"ListItem","position":2,"name":"Products","item":"https:\/\/elvemobilya.com\/shop\/"},{"@type":"ListItem","position":3,"name":"Arven Dining Room"}]},{"@type":"WebSite","@id":"https:\/\/elvemobilya.com\/#website","url":"https:\/\/elvemobilya.com\/","name":"Elve","description":"Furniture","potentialAction":[{"@type":"SearchAction","target":{"@type":"EntryPoint","urlTemplate":"https:\/\/elvemobilya.com\/?s={search_term_string}"},"query-input":{"@type":"PropertyValueSpecification","valueRequired":true,"valueName":"search_term_string"}}],"inLanguage":"tr"}]}},"_links":{"self":[{"href":"https:\/\/elvemobilya.com\/tr\/wp-json\/wp\/v2\/product\/796","targetHints":{"allow":["GET"]}}],"collection":[{"href":"https:\/\/elvemobilya.com\/tr\/wp-json\/wp\/v2\/product"}],"about":[{"href":"https:\/\/elvemobilya.com\/tr\/wp-json\/wp\/v2\/types\/product"}],"replies":[{"embeddable":true,"href":"https:\/\/elvemobilya.com\/tr\/wp-json\/wp\/v2\/comments?post=796"}],"wp:featuredmedia":[{"embeddable":true,"href":"https:\/\/elvemobilya.com\/tr\/wp-json\/wp\/v2\/media\/799"}],"wp:attachment":[{"href":"https:\/\/elvemobilya.com\/tr\/wp-json\/wp\/v2\/media?parent=796"}],"wp:term":[{"taxonomy":"product_brand","embeddable":true,"href":"https:\/\/elvemobilya.com\/tr\/wp-json\/wp\/v2\/product_brand?post=796"},{"taxonomy":"product_cat","embeddable":true,"href":"https:\/\/elvemobilya.com\/tr\/wp-json\/wp\/v2\/product_cat?post=796"},{"taxonomy":"product_tag","embeddable":true,"href":"https:\/\/elvemobilya.com\/tr\/wp-json\/wp\/v2\/product_tag?post=796"}],"curies":[{"name":"wp","href":"https:\/\/api.w.org\/{rel}","templated":true}]}}