{"id":842,"date":"2024-12-24T16:16:50","date_gmt":"2024-12-24T16:16:50","guid":{"rendered":"https:\/\/elve.kodektif.com\/?post_type=product&#038;p=842"},"modified":"2025-01-13T13:37:39","modified_gmt":"2025-01-13T13:37:39","slug":"noir-dresser","status":"publish","type":"product","link":"https:\/\/elvemobilya.com\/tr\/urun\/noir-dresser\/","title":{"rendered":"Noir Dresuar"},"content":{"rendered":"","protected":false},"excerpt":{"rendered":"<p>Noir dresuar, yatak odan\u0131za hem zarafet hem de i\u015flevsellik kazand\u0131ran rafine ve \u015f\u0131k bir par\u00e7ad\u0131r. Net \u00e7izgiler, \u015f\u0131k koyu renk kaplama ve birinci s\u0131n\u0131f malzemeler i\u00e7eren Noir dresuar, geni\u015f \u00e7ekmeceleriyle k\u0131yafetleri, aksesuarlar\u0131 ve di\u011fer temel e\u015fyalar\u0131 d\u00fczenlemek i\u00e7in m\u00fckemmel olan geni\u015f depolama alan\u0131 sunar.<\/p>","protected":false},"featured_media":1540,"comment_status":"open","ping_status":"closed","template":"","meta":[],"product_brand":[],"product_cat":[37,17],"product_tag":[],"class_list":{"0":"post-842","1":"product","2":"type-product","3":"status-publish","4":"has-post-thumbnail","6":"product_cat-dressers","7":"product_cat-products","9":"first","10":"instock","11":"shipping-taxable","12":"product-type-simple"},"yoast_head":"<!-- This site is optimized with the Yoast SEO plugin v27.1.1 - https:\/\/yoast.com\/product\/yoast-seo-wordpress\/ -->\n<title>Noir Dresser - Elve<\/title>\n<meta name=\"robots\" content=\"index, follow, max-snippet:-1, max-image-preview:large, max-video-preview:-1\" \/>\n<link rel=\"canonical\" href=\"https:\/\/elvemobilya.com\/tr\/noir-dresser\/\" \/>\n<meta property=\"og:locale\" content=\"tr_TR\" \/>\n<meta property=\"og:type\" content=\"article\" \/>\n<meta property=\"og:title\" content=\"Noir Dresser - Elve\" \/>\n<meta property=\"og:description\" content=\"Noir Dresser is a refined and stylish piece that brings both elegance and functionality to your bedroom. Featuring clean lines, a sleek dark finish, and premium materials, the Noir Dresser offers ample storage with its spacious drawers, perfect for organizing clothes, accessories, and other essentials.\" \/>\n<meta property=\"og:url\" content=\"https:\/\/elvemobilya.com\/tr\/noir-dresser\/\" \/>\n<meta property=\"og:site_name\" content=\"Elve\" \/>\n<meta property=\"article:modified_time\" content=\"2025-01-13T13:37:39+00:00\" \/>\n<meta property=\"og:image\" content=\"https:\/\/elvemobilya.com\/wp-content\/uploads\/2024\/12\/noir-dresser-130125-1.jpg\" \/>\n\t<meta property=\"og:image:width\" content=\"1920\" \/>\n\t<meta property=\"og:image:height\" content=\"1440\" \/>\n\t<meta property=\"og:image:type\" content=\"image\/jpeg\" \/>\n<meta name=\"twitter:card\" content=\"summary_large_image\" \/>\n<script type=\"application\/ld+json\" class=\"yoast-schema-graph\">{\"@context\":\"https:\/\/schema.org\",\"@graph\":[{\"@type\":\"WebPage\",\"@id\":\"https:\/\/elvemobilya.com\/noir-dresser\/\",\"url\":\"https:\/\/elvemobilya.com\/noir-dresser\/\",\"name\":\"Noir Dresser - Elve\",\"isPartOf\":{\"@id\":\"https:\/\/elvemobilya.com\/#website\"},\"primaryImageOfPage\":{\"@id\":\"https:\/\/elvemobilya.com\/noir-dresser\/#primaryimage\"},\"image\":{\"@id\":\"https:\/\/elvemobilya.com\/noir-dresser\/#primaryimage\"},\"thumbnailUrl\":\"https:\/\/elvemobilya.com\/wp-content\/uploads\/2024\/12\/noir-dresser-130125-1.jpg\",\"datePublished\":\"2024-12-24T16:16:50+00:00\",\"dateModified\":\"2025-01-13T13:37:39+00:00\",\"breadcrumb\":{\"@id\":\"https:\/\/elvemobilya.com\/noir-dresser\/#breadcrumb\"},\"inLanguage\":\"tr\",\"potentialAction\":[{\"@type\":\"ReadAction\",\"target\":[\"https:\/\/elvemobilya.com\/noir-dresser\/\"]}]},{\"@type\":\"ImageObject\",\"inLanguage\":\"tr\",\"@id\":\"https:\/\/elvemobilya.com\/noir-dresser\/#primaryimage\",\"url\":\"https:\/\/elvemobilya.com\/wp-content\/uploads\/2024\/12\/noir-dresser-130125-1.jpg\",\"contentUrl\":\"https:\/\/elvemobilya.com\/wp-content\/uploads\/2024\/12\/noir-dresser-130125-1.jpg\",\"width\":1920,\"height\":1440},{\"@type\":\"BreadcrumbList\",\"@id\":\"https:\/\/elvemobilya.com\/noir-dresser\/#breadcrumb\",\"itemListElement\":[{\"@type\":\"ListItem\",\"position\":1,\"name\":\"Home\",\"item\":\"https:\/\/elvemobilya.com\/\"},{\"@type\":\"ListItem\",\"position\":2,\"name\":\"Products\",\"item\":\"https:\/\/elvemobilya.com\/shop\/\"},{\"@type\":\"ListItem\",\"position\":3,\"name\":\"Noir Dresser\"}]},{\"@type\":\"WebSite\",\"@id\":\"https:\/\/elvemobilya.com\/#website\",\"url\":\"https:\/\/elvemobilya.com\/\",\"name\":\"Elve\",\"description\":\"Furniture\",\"potentialAction\":[{\"@type\":\"SearchAction\",\"target\":{\"@type\":\"EntryPoint\",\"urlTemplate\":\"https:\/\/elvemobilya.com\/?s={search_term_string}\"},\"query-input\":{\"@type\":\"PropertyValueSpecification\",\"valueRequired\":true,\"valueName\":\"search_term_string\"}}],\"inLanguage\":\"tr\"}]}<\/script>\n<!-- \/ Yoast SEO plugin. -->","yoast_head_json":{"title":"Noir Dresser - Elve","robots":{"index":"index","follow":"follow","max-snippet":"max-snippet:-1","max-image-preview":"max-image-preview:large","max-video-preview":"max-video-preview:-1"},"canonical":"https:\/\/elvemobilya.com\/tr\/noir-dresser\/","og_locale":"tr_TR","og_type":"article","og_title":"Noir Dresser - Elve","og_description":"Noir Dresser is a refined and stylish piece that brings both elegance and functionality to your bedroom. Featuring clean lines, a sleek dark finish, and premium materials, the Noir Dresser offers ample storage with its spacious drawers, perfect for organizing clothes, accessories, and other essentials.","og_url":"https:\/\/elvemobilya.com\/tr\/noir-dresser\/","og_site_name":"Elve","article_modified_time":"2025-01-13T13:37:39+00:00","og_image":[{"width":1920,"height":1440,"url":"https:\/\/elvemobilya.com\/wp-content\/uploads\/2024\/12\/noir-dresser-130125-1.jpg","type":"image\/jpeg"}],"twitter_card":"summary_large_image","schema":{"@context":"https:\/\/schema.org","@graph":[{"@type":"WebPage","@id":"https:\/\/elvemobilya.com\/noir-dresser\/","url":"https:\/\/elvemobilya.com\/noir-dresser\/","name":"Noir Dresser - Elve","isPartOf":{"@id":"https:\/\/elvemobilya.com\/#website"},"primaryImageOfPage":{"@id":"https:\/\/elvemobilya.com\/noir-dresser\/#primaryimage"},"image":{"@id":"https:\/\/elvemobilya.com\/noir-dresser\/#primaryimage"},"thumbnailUrl":"https:\/\/elvemobilya.com\/wp-content\/uploads\/2024\/12\/noir-dresser-130125-1.jpg","datePublished":"2024-12-24T16:16:50+00:00","dateModified":"2025-01-13T13:37:39+00:00","breadcrumb":{"@id":"https:\/\/elvemobilya.com\/noir-dresser\/#breadcrumb"},"inLanguage":"tr","potentialAction":[{"@type":"ReadAction","target":["https:\/\/elvemobilya.com\/noir-dresser\/"]}]},{"@type":"ImageObject","inLanguage":"tr","@id":"https:\/\/elvemobilya.com\/noir-dresser\/#primaryimage","url":"https:\/\/elvemobilya.com\/wp-content\/uploads\/2024\/12\/noir-dresser-130125-1.jpg","contentUrl":"https:\/\/elvemobilya.com\/wp-content\/uploads\/2024\/12\/noir-dresser-130125-1.jpg","width":1920,"height":1440},{"@type":"BreadcrumbList","@id":"https:\/\/elvemobilya.com\/noir-dresser\/#breadcrumb","itemListElement":[{"@type":"ListItem","position":1,"name":"Home","item":"https:\/\/elvemobilya.com\/"},{"@type":"ListItem","position":2,"name":"Products","item":"https:\/\/elvemobilya.com\/shop\/"},{"@type":"ListItem","position":3,"name":"Noir Dresser"}]},{"@type":"WebSite","@id":"https:\/\/elvemobilya.com\/#website","url":"https:\/\/elvemobilya.com\/","name":"Elve","description":"Furniture","potentialAction":[{"@type":"SearchAction","target":{"@type":"EntryPoint","urlTemplate":"https:\/\/elvemobilya.com\/?s={search_term_string}"},"query-input":{"@type":"PropertyValueSpecification","valueRequired":true,"valueName":"search_term_string"}}],"inLanguage":"tr"}]}},"_links":{"self":[{"href":"https:\/\/elvemobilya.com\/tr\/wp-json\/wp\/v2\/product\/842","targetHints":{"allow":["GET"]}}],"collection":[{"href":"https:\/\/elvemobilya.com\/tr\/wp-json\/wp\/v2\/product"}],"about":[{"href":"https:\/\/elvemobilya.com\/tr\/wp-json\/wp\/v2\/types\/product"}],"replies":[{"embeddable":true,"href":"https:\/\/elvemobilya.com\/tr\/wp-json\/wp\/v2\/comments?post=842"}],"wp:featuredmedia":[{"embeddable":true,"href":"https:\/\/elvemobilya.com\/tr\/wp-json\/wp\/v2\/media\/1540"}],"wp:attachment":[{"href":"https:\/\/elvemobilya.com\/tr\/wp-json\/wp\/v2\/media?parent=842"}],"wp:term":[{"taxonomy":"product_brand","embeddable":true,"href":"https:\/\/elvemobilya.com\/tr\/wp-json\/wp\/v2\/product_brand?post=842"},{"taxonomy":"product_cat","embeddable":true,"href":"https:\/\/elvemobilya.com\/tr\/wp-json\/wp\/v2\/product_cat?post=842"},{"taxonomy":"product_tag","embeddable":true,"href":"https:\/\/elvemobilya.com\/tr\/wp-json\/wp\/v2\/product_tag?post=842"}],"curies":[{"name":"wp","href":"https:\/\/api.w.org\/{rel}","templated":true}]}}