{"id":890,"date":"2024-12-25T10:28:19","date_gmt":"2024-12-25T10:28:19","guid":{"rendered":"https:\/\/elve.kodektif.com\/?post_type=product&#038;p=890"},"modified":"2025-01-10T14:54:32","modified_gmt":"2025-01-10T14:54:32","slug":"glory-pouf","status":"publish","type":"product","link":"https:\/\/elvemobilya.com\/tr\/urun\/glory-pouf\/","title":{"rendered":"Glory Puf"},"content":{"rendered":"","protected":false},"excerpt":{"rendered":"<p>Viola puf, Viola yatak odas\u0131 koleksiyonunu tamamlayan \u00e7ok y\u00f6nl\u00fc ve \u015f\u0131k bir vurgu par\u00e7as\u0131d\u0131r. Yumu\u015fak, pelu\u015f y\u00fczeyi ve zarif tasar\u0131m\u0131yla rahat bir ayak koyma yeri veya ek koltuk g\u00f6revi g\u00f6r\u00fcr. Y\u00fcksek kaliteli kuma\u015fla sar\u0131lm\u0131\u015f ve sa\u011flam bir tabanla desteklenen Viola Puf, her mekana sofistike bir dokunu\u015f katar. <\/p>","protected":false},"featured_media":1442,"comment_status":"open","ping_status":"closed","template":"","meta":[],"product_brand":[],"product_cat":[31,38,17],"product_tag":[],"class_list":{"0":"post-890","1":"product","2":"type-product","3":"status-publish","4":"has-post-thumbnail","6":"product_cat-complements","7":"product_cat-poufs","8":"product_cat-products","10":"first","11":"instock","12":"shipping-taxable","13":"product-type-simple"},"yoast_head":"<!-- This site is optimized with the Yoast SEO plugin v27.1.1 - https:\/\/yoast.com\/product\/yoast-seo-wordpress\/ -->\n<title>Glory Pouf - Elve<\/title>\n<meta name=\"robots\" content=\"index, follow, max-snippet:-1, max-image-preview:large, max-video-preview:-1\" \/>\n<link rel=\"canonical\" href=\"https:\/\/elvemobilya.com\/tr\/glory-pouf\/\" \/>\n<meta property=\"og:locale\" content=\"tr_TR\" \/>\n<meta property=\"og:type\" content=\"article\" \/>\n<meta property=\"og:title\" content=\"Glory Pouf - Elve\" \/>\n<meta property=\"og:description\" content=\"The Viola Pouf is a versatile and stylish accent piece that complements the Viola Bedroom collection. With its soft, plush surface and elegant design, it serves as a comfortable footrest or an additional seat. Wrapped in high-quality fabric and supported by a sturdy base, the Viola Pouf adds a touch of sophistication to any space.\" \/>\n<meta property=\"og:url\" content=\"https:\/\/elvemobilya.com\/tr\/glory-pouf\/\" \/>\n<meta property=\"og:site_name\" content=\"Elve\" \/>\n<meta property=\"article:modified_time\" content=\"2025-01-10T14:54:32+00:00\" \/>\n<meta property=\"og:image\" content=\"https:\/\/elvemobilya.com\/wp-content\/uploads\/2024\/12\/viola-pouf-070125-1.jpg\" \/>\n\t<meta property=\"og:image:width\" content=\"1920\" \/>\n\t<meta property=\"og:image:height\" content=\"1200\" \/>\n\t<meta property=\"og:image:type\" content=\"image\/jpeg\" \/>\n<meta name=\"twitter:card\" content=\"summary_large_image\" \/>\n<script type=\"application\/ld+json\" class=\"yoast-schema-graph\">{\"@context\":\"https:\/\/schema.org\",\"@graph\":[{\"@type\":\"WebPage\",\"@id\":\"https:\/\/elvemobilya.com\/glory-pouf\/\",\"url\":\"https:\/\/elvemobilya.com\/glory-pouf\/\",\"name\":\"Glory Pouf - Elve\",\"isPartOf\":{\"@id\":\"https:\/\/elvemobilya.com\/#website\"},\"primaryImageOfPage\":{\"@id\":\"https:\/\/elvemobilya.com\/glory-pouf\/#primaryimage\"},\"image\":{\"@id\":\"https:\/\/elvemobilya.com\/glory-pouf\/#primaryimage\"},\"thumbnailUrl\":\"https:\/\/elvemobilya.com\/wp-content\/uploads\/2024\/12\/viola-pouf-070125-1.jpg\",\"datePublished\":\"2024-12-25T10:28:19+00:00\",\"dateModified\":\"2025-01-10T14:54:32+00:00\",\"breadcrumb\":{\"@id\":\"https:\/\/elvemobilya.com\/glory-pouf\/#breadcrumb\"},\"inLanguage\":\"tr\",\"potentialAction\":[{\"@type\":\"ReadAction\",\"target\":[\"https:\/\/elvemobilya.com\/glory-pouf\/\"]}]},{\"@type\":\"ImageObject\",\"inLanguage\":\"tr\",\"@id\":\"https:\/\/elvemobilya.com\/glory-pouf\/#primaryimage\",\"url\":\"https:\/\/elvemobilya.com\/wp-content\/uploads\/2024\/12\/viola-pouf-070125-1.jpg\",\"contentUrl\":\"https:\/\/elvemobilya.com\/wp-content\/uploads\/2024\/12\/viola-pouf-070125-1.jpg\",\"width\":1920,\"height\":1200},{\"@type\":\"BreadcrumbList\",\"@id\":\"https:\/\/elvemobilya.com\/glory-pouf\/#breadcrumb\",\"itemListElement\":[{\"@type\":\"ListItem\",\"position\":1,\"name\":\"Home\",\"item\":\"https:\/\/elvemobilya.com\/\"},{\"@type\":\"ListItem\",\"position\":2,\"name\":\"Products\",\"item\":\"https:\/\/elvemobilya.com\/shop\/\"},{\"@type\":\"ListItem\",\"position\":3,\"name\":\"Glory Pouf\"}]},{\"@type\":\"WebSite\",\"@id\":\"https:\/\/elvemobilya.com\/#website\",\"url\":\"https:\/\/elvemobilya.com\/\",\"name\":\"Elve\",\"description\":\"Furniture\",\"potentialAction\":[{\"@type\":\"SearchAction\",\"target\":{\"@type\":\"EntryPoint\",\"urlTemplate\":\"https:\/\/elvemobilya.com\/?s={search_term_string}\"},\"query-input\":{\"@type\":\"PropertyValueSpecification\",\"valueRequired\":true,\"valueName\":\"search_term_string\"}}],\"inLanguage\":\"tr\"}]}<\/script>\n<!-- \/ Yoast SEO plugin. -->","yoast_head_json":{"title":"Glory Pouf - Elve","robots":{"index":"index","follow":"follow","max-snippet":"max-snippet:-1","max-image-preview":"max-image-preview:large","max-video-preview":"max-video-preview:-1"},"canonical":"https:\/\/elvemobilya.com\/tr\/glory-pouf\/","og_locale":"tr_TR","og_type":"article","og_title":"Glory Pouf - Elve","og_description":"The Viola Pouf is a versatile and stylish accent piece that complements the Viola Bedroom collection. With its soft, plush surface and elegant design, it serves as a comfortable footrest or an additional seat. Wrapped in high-quality fabric and supported by a sturdy base, the Viola Pouf adds a touch of sophistication to any space.","og_url":"https:\/\/elvemobilya.com\/tr\/glory-pouf\/","og_site_name":"Elve","article_modified_time":"2025-01-10T14:54:32+00:00","og_image":[{"width":1920,"height":1200,"url":"https:\/\/elvemobilya.com\/wp-content\/uploads\/2024\/12\/viola-pouf-070125-1.jpg","type":"image\/jpeg"}],"twitter_card":"summary_large_image","schema":{"@context":"https:\/\/schema.org","@graph":[{"@type":"WebPage","@id":"https:\/\/elvemobilya.com\/glory-pouf\/","url":"https:\/\/elvemobilya.com\/glory-pouf\/","name":"Glory Pouf - Elve","isPartOf":{"@id":"https:\/\/elvemobilya.com\/#website"},"primaryImageOfPage":{"@id":"https:\/\/elvemobilya.com\/glory-pouf\/#primaryimage"},"image":{"@id":"https:\/\/elvemobilya.com\/glory-pouf\/#primaryimage"},"thumbnailUrl":"https:\/\/elvemobilya.com\/wp-content\/uploads\/2024\/12\/viola-pouf-070125-1.jpg","datePublished":"2024-12-25T10:28:19+00:00","dateModified":"2025-01-10T14:54:32+00:00","breadcrumb":{"@id":"https:\/\/elvemobilya.com\/glory-pouf\/#breadcrumb"},"inLanguage":"tr","potentialAction":[{"@type":"ReadAction","target":["https:\/\/elvemobilya.com\/glory-pouf\/"]}]},{"@type":"ImageObject","inLanguage":"tr","@id":"https:\/\/elvemobilya.com\/glory-pouf\/#primaryimage","url":"https:\/\/elvemobilya.com\/wp-content\/uploads\/2024\/12\/viola-pouf-070125-1.jpg","contentUrl":"https:\/\/elvemobilya.com\/wp-content\/uploads\/2024\/12\/viola-pouf-070125-1.jpg","width":1920,"height":1200},{"@type":"BreadcrumbList","@id":"https:\/\/elvemobilya.com\/glory-pouf\/#breadcrumb","itemListElement":[{"@type":"ListItem","position":1,"name":"Home","item":"https:\/\/elvemobilya.com\/"},{"@type":"ListItem","position":2,"name":"Products","item":"https:\/\/elvemobilya.com\/shop\/"},{"@type":"ListItem","position":3,"name":"Glory Pouf"}]},{"@type":"WebSite","@id":"https:\/\/elvemobilya.com\/#website","url":"https:\/\/elvemobilya.com\/","name":"Elve","description":"Furniture","potentialAction":[{"@type":"SearchAction","target":{"@type":"EntryPoint","urlTemplate":"https:\/\/elvemobilya.com\/?s={search_term_string}"},"query-input":{"@type":"PropertyValueSpecification","valueRequired":true,"valueName":"search_term_string"}}],"inLanguage":"tr"}]}},"_links":{"self":[{"href":"https:\/\/elvemobilya.com\/tr\/wp-json\/wp\/v2\/product\/890","targetHints":{"allow":["GET"]}}],"collection":[{"href":"https:\/\/elvemobilya.com\/tr\/wp-json\/wp\/v2\/product"}],"about":[{"href":"https:\/\/elvemobilya.com\/tr\/wp-json\/wp\/v2\/types\/product"}],"replies":[{"embeddable":true,"href":"https:\/\/elvemobilya.com\/tr\/wp-json\/wp\/v2\/comments?post=890"}],"wp:featuredmedia":[{"embeddable":true,"href":"https:\/\/elvemobilya.com\/tr\/wp-json\/wp\/v2\/media\/1442"}],"wp:attachment":[{"href":"https:\/\/elvemobilya.com\/tr\/wp-json\/wp\/v2\/media?parent=890"}],"wp:term":[{"taxonomy":"product_brand","embeddable":true,"href":"https:\/\/elvemobilya.com\/tr\/wp-json\/wp\/v2\/product_brand?post=890"},{"taxonomy":"product_cat","embeddable":true,"href":"https:\/\/elvemobilya.com\/tr\/wp-json\/wp\/v2\/product_cat?post=890"},{"taxonomy":"product_tag","embeddable":true,"href":"https:\/\/elvemobilya.com\/tr\/wp-json\/wp\/v2\/product_tag?post=890"}],"curies":[{"name":"wp","href":"https:\/\/api.w.org\/{rel}","templated":true}]}}