{"id":91,"date":"2024-12-18T10:02:16","date_gmt":"2024-12-18T10:02:16","guid":{"rendered":"https:\/\/elve.kodektif.com\/?post_type=product&#038;p=91"},"modified":"2025-03-05T13:10:32","modified_gmt":"2025-03-05T13:10:32","slug":"luna-living-room","status":"publish","type":"product","link":"https:\/\/elvemobilya.com\/tr\/urun\/luna-living-room\/","title":{"rendered":"Luna Ya\u015fam Odas\u0131"},"content":{"rendered":"","protected":false},"excerpt":{"rendered":"<p>Luna Ya\u015fam Odas\u0131 koleksiyonu, stil, konfor ve modern tasar\u0131m\u0131n etkileyici bir birle\u015fimidir ve ya\u015fam alan\u0131n\u0131z\u0131 s\u0131cak, ancak zarif bir s\u0131\u011f\u0131na\u011fa d\u00f6n\u00fc\u015ft\u00fcr\u00fcr. \u015e\u0131k bir \u015fekilde i\u015flenmi\u015f kanepeler, koltuklar, sehpa ve yan sehpa se\u00e7kisiyle bu koleksiyon, her \u00e7a\u011fda\u015f ev i\u00e7in uyumlu ve \u015f\u0131k bir g\u00f6r\u00fcn\u00fcm sunar.<\/p>","protected":false},"featured_media":93,"comment_status":"open","ping_status":"closed","template":"","meta":[],"product_brand":[],"product_cat":[16,21],"product_tag":[],"class_list":{"0":"post-91","1":"product","2":"type-product","3":"status-publish","4":"has-post-thumbnail","6":"product_cat-collections","7":"product_cat-luna-collection","9":"first","10":"instock","11":"shipping-taxable","12":"product-type-simple"},"yoast_head":"<!-- This site is optimized with the Yoast SEO plugin v27.1.1 - https:\/\/yoast.com\/product\/yoast-seo-wordpress\/ -->\n<title>Luna Living Room - Elve<\/title>\n<meta name=\"robots\" content=\"index, follow, max-snippet:-1, max-image-preview:large, max-video-preview:-1\" \/>\n<link rel=\"canonical\" href=\"https:\/\/elvemobilya.com\/tr\/luna-living-room\/\" \/>\n<meta property=\"og:locale\" content=\"tr_TR\" \/>\n<meta property=\"og:type\" content=\"article\" \/>\n<meta property=\"og:title\" content=\"Luna Living Room - Elve\" \/>\n<meta property=\"og:description\" content=\"The Luna Living Room collection is a stunning combination of style, comfort, and modern design, transforming your living space into a cozy, yet elegant retreat. Featuring a selection of beautifully crafted sofas, armchairs, coffee tables, and side tables, this collection offers a cohesive and stylish look for any contemporary home.\" \/>\n<meta property=\"og:url\" content=\"https:\/\/elvemobilya.com\/tr\/luna-living-room\/\" \/>\n<meta property=\"og:site_name\" content=\"Elve\" \/>\n<meta property=\"article:modified_time\" content=\"2025-03-05T13:10:32+00:00\" \/>\n<meta property=\"og:image\" content=\"https:\/\/elvemobilya.com\/wp-content\/uploads\/2024\/12\/living-room-collection-181224-2.jpg\" \/>\n\t<meta property=\"og:image:width\" content=\"1920\" \/>\n\t<meta property=\"og:image:height\" content=\"1200\" \/>\n\t<meta property=\"og:image:type\" content=\"image\/jpeg\" \/>\n<meta name=\"twitter:card\" content=\"summary_large_image\" \/>\n<meta name=\"twitter:label1\" content=\"Tahmini okuma s\u00fcresi\" \/>\n\t<meta name=\"twitter:data1\" content=\"1 dakika\" \/>\n<script type=\"application\/ld+json\" class=\"yoast-schema-graph\">{\"@context\":\"https:\/\/schema.org\",\"@graph\":[{\"@type\":\"WebPage\",\"@id\":\"https:\/\/elvemobilya.com\/luna-living-room\/\",\"url\":\"https:\/\/elvemobilya.com\/luna-living-room\/\",\"name\":\"Luna Living Room - Elve\",\"isPartOf\":{\"@id\":\"https:\/\/elvemobilya.com\/#website\"},\"primaryImageOfPage\":{\"@id\":\"https:\/\/elvemobilya.com\/luna-living-room\/#primaryimage\"},\"image\":{\"@id\":\"https:\/\/elvemobilya.com\/luna-living-room\/#primaryimage\"},\"thumbnailUrl\":\"https:\/\/elvemobilya.com\/wp-content\/uploads\/2024\/12\/living-room-collection-181224-2.jpg\",\"datePublished\":\"2024-12-18T10:02:16+00:00\",\"dateModified\":\"2025-03-05T13:10:32+00:00\",\"breadcrumb\":{\"@id\":\"https:\/\/elvemobilya.com\/luna-living-room\/#breadcrumb\"},\"inLanguage\":\"tr\",\"potentialAction\":[{\"@type\":\"ReadAction\",\"target\":[\"https:\/\/elvemobilya.com\/luna-living-room\/\"]}]},{\"@type\":\"ImageObject\",\"inLanguage\":\"tr\",\"@id\":\"https:\/\/elvemobilya.com\/luna-living-room\/#primaryimage\",\"url\":\"https:\/\/elvemobilya.com\/wp-content\/uploads\/2024\/12\/living-room-collection-181224-2.jpg\",\"contentUrl\":\"https:\/\/elvemobilya.com\/wp-content\/uploads\/2024\/12\/living-room-collection-181224-2.jpg\",\"width\":1920,\"height\":1200},{\"@type\":\"BreadcrumbList\",\"@id\":\"https:\/\/elvemobilya.com\/luna-living-room\/#breadcrumb\",\"itemListElement\":[{\"@type\":\"ListItem\",\"position\":1,\"name\":\"Home\",\"item\":\"https:\/\/elvemobilya.com\/\"},{\"@type\":\"ListItem\",\"position\":2,\"name\":\"Products\",\"item\":\"https:\/\/elvemobilya.com\/shop\/\"},{\"@type\":\"ListItem\",\"position\":3,\"name\":\"Luna Living Room\"}]},{\"@type\":\"WebSite\",\"@id\":\"https:\/\/elvemobilya.com\/#website\",\"url\":\"https:\/\/elvemobilya.com\/\",\"name\":\"Elve\",\"description\":\"Furniture\",\"potentialAction\":[{\"@type\":\"SearchAction\",\"target\":{\"@type\":\"EntryPoint\",\"urlTemplate\":\"https:\/\/elvemobilya.com\/?s={search_term_string}\"},\"query-input\":{\"@type\":\"PropertyValueSpecification\",\"valueRequired\":true,\"valueName\":\"search_term_string\"}}],\"inLanguage\":\"tr\"}]}<\/script>\n<!-- \/ Yoast SEO plugin. -->","yoast_head_json":{"title":"Luna Living Room - Elve","robots":{"index":"index","follow":"follow","max-snippet":"max-snippet:-1","max-image-preview":"max-image-preview:large","max-video-preview":"max-video-preview:-1"},"canonical":"https:\/\/elvemobilya.com\/tr\/luna-living-room\/","og_locale":"tr_TR","og_type":"article","og_title":"Luna Living Room - Elve","og_description":"The Luna Living Room collection is a stunning combination of style, comfort, and modern design, transforming your living space into a cozy, yet elegant retreat. Featuring a selection of beautifully crafted sofas, armchairs, coffee tables, and side tables, this collection offers a cohesive and stylish look for any contemporary home.","og_url":"https:\/\/elvemobilya.com\/tr\/luna-living-room\/","og_site_name":"Elve","article_modified_time":"2025-03-05T13:10:32+00:00","og_image":[{"width":1920,"height":1200,"url":"https:\/\/elvemobilya.com\/wp-content\/uploads\/2024\/12\/living-room-collection-181224-2.jpg","type":"image\/jpeg"}],"twitter_card":"summary_large_image","twitter_misc":{"Tahmini okuma s\u00fcresi":"1 dakika"},"schema":{"@context":"https:\/\/schema.org","@graph":[{"@type":"WebPage","@id":"https:\/\/elvemobilya.com\/luna-living-room\/","url":"https:\/\/elvemobilya.com\/luna-living-room\/","name":"Luna Living Room - Elve","isPartOf":{"@id":"https:\/\/elvemobilya.com\/#website"},"primaryImageOfPage":{"@id":"https:\/\/elvemobilya.com\/luna-living-room\/#primaryimage"},"image":{"@id":"https:\/\/elvemobilya.com\/luna-living-room\/#primaryimage"},"thumbnailUrl":"https:\/\/elvemobilya.com\/wp-content\/uploads\/2024\/12\/living-room-collection-181224-2.jpg","datePublished":"2024-12-18T10:02:16+00:00","dateModified":"2025-03-05T13:10:32+00:00","breadcrumb":{"@id":"https:\/\/elvemobilya.com\/luna-living-room\/#breadcrumb"},"inLanguage":"tr","potentialAction":[{"@type":"ReadAction","target":["https:\/\/elvemobilya.com\/luna-living-room\/"]}]},{"@type":"ImageObject","inLanguage":"tr","@id":"https:\/\/elvemobilya.com\/luna-living-room\/#primaryimage","url":"https:\/\/elvemobilya.com\/wp-content\/uploads\/2024\/12\/living-room-collection-181224-2.jpg","contentUrl":"https:\/\/elvemobilya.com\/wp-content\/uploads\/2024\/12\/living-room-collection-181224-2.jpg","width":1920,"height":1200},{"@type":"BreadcrumbList","@id":"https:\/\/elvemobilya.com\/luna-living-room\/#breadcrumb","itemListElement":[{"@type":"ListItem","position":1,"name":"Home","item":"https:\/\/elvemobilya.com\/"},{"@type":"ListItem","position":2,"name":"Products","item":"https:\/\/elvemobilya.com\/shop\/"},{"@type":"ListItem","position":3,"name":"Luna Living Room"}]},{"@type":"WebSite","@id":"https:\/\/elvemobilya.com\/#website","url":"https:\/\/elvemobilya.com\/","name":"Elve","description":"Furniture","potentialAction":[{"@type":"SearchAction","target":{"@type":"EntryPoint","urlTemplate":"https:\/\/elvemobilya.com\/?s={search_term_string}"},"query-input":{"@type":"PropertyValueSpecification","valueRequired":true,"valueName":"search_term_string"}}],"inLanguage":"tr"}]}},"_links":{"self":[{"href":"https:\/\/elvemobilya.com\/tr\/wp-json\/wp\/v2\/product\/91","targetHints":{"allow":["GET"]}}],"collection":[{"href":"https:\/\/elvemobilya.com\/tr\/wp-json\/wp\/v2\/product"}],"about":[{"href":"https:\/\/elvemobilya.com\/tr\/wp-json\/wp\/v2\/types\/product"}],"replies":[{"embeddable":true,"href":"https:\/\/elvemobilya.com\/tr\/wp-json\/wp\/v2\/comments?post=91"}],"wp:featuredmedia":[{"embeddable":true,"href":"https:\/\/elvemobilya.com\/tr\/wp-json\/wp\/v2\/media\/93"}],"wp:attachment":[{"href":"https:\/\/elvemobilya.com\/tr\/wp-json\/wp\/v2\/media?parent=91"}],"wp:term":[{"taxonomy":"product_brand","embeddable":true,"href":"https:\/\/elvemobilya.com\/tr\/wp-json\/wp\/v2\/product_brand?post=91"},{"taxonomy":"product_cat","embeddable":true,"href":"https:\/\/elvemobilya.com\/tr\/wp-json\/wp\/v2\/product_cat?post=91"},{"taxonomy":"product_tag","embeddable":true,"href":"https:\/\/elvemobilya.com\/tr\/wp-json\/wp\/v2\/product_tag?post=91"}],"curies":[{"name":"wp","href":"https:\/\/api.w.org\/{rel}","templated":true}]}}